{"id":19467,"date":"2021-05-08T15:25:59","date_gmt":"2021-05-08T13:25:59","guid":{"rendered":"https:\/\/mgvpublications.com\/produkt\/ilahi-armagan\/"},"modified":"2022-03-08T22:54:02","modified_gmt":"2022-03-08T21:54:02","slug":"ilahi-armagan","status":"publish","type":"product","link":"https:\/\/mgvpublications.com\/de\/ilahi-armagan\/","title":{"rendered":"\u0130lahi Arma\u011fan"},"content":{"rendered":"<p>Yay\u0131n Tarihi: 31.05.2017<br \/>ISBN: 9786056740756<br \/>Dil: T\u00dcRK\u00c7E<br \/>Sayfa Say\u0131s\u0131: 524<br \/>Cilt Tipi: Karton Kapak<br \/>Ka\u011f\u0131t Cinsi: Kitap Ka\u011f\u0131d\u0131<br \/>Boyut: 13.5 x 21 cm<\/p>","protected":false},"excerpt":{"rendered":"<p>Elinizdeki eser, Kadirilik yolunun \u00f6nderi b\u00fcy\u00fck mutasavv\u0131f, b\u00fcy\u00fck m\u00fcr\u015fid Abd\u00fclkadir Geylani Hazretlerinin yapt\u0131\u011f\u0131 vaaz ve sohbetlerin, m\u00fcridlerince derlenmesinden olu\u015fuyor.Geylani Hazretlerinin tasavvufi yakla\u015f\u0131m\u0131n\u0131 derli toplu bir \u015fekilde i\u00e7eren bu kitapta, manevi geli\u015fim yollar\u0131, ki\u015fiyi insan-\u0131 kamil mertebesine y\u00fckselten y\u00f6ntemler, en etkili bi\u00e7imde do\u011frudan hitap c\u00fcmleleriyle \u00f6\u011fretiliyor. Bu kitap, kalbindeki \u0131\u015f\u0131\u011f\u0131 s\u00f6nd\u00fcrme de\u011fil beslemek isteyenler i\u00e7in, g\u00f6r\u00fcnenin \u00f6tesine varmak, gizli olana ula\u015fmak i\u00e7in, k\u0131saca B\u00fcy\u00fck M\u00fcr\u015fid&#8217;in dizinin dibine oturmaya karar veren herkes i\u00e7indir.<\/p>","protected":false},"featured_media":19466,"template":"","meta":{"spay_email":""},"product_cat":[174],"product_tag":[],"item":[1429],"acf":[],"_links":{"self":[{"href":"https:\/\/mgvpublications.com\/de\/wp-json\/wp\/v2\/product\/19467"}],"collection":[{"href":"https:\/\/mgvpublications.com\/de\/wp-json\/wp\/v2\/product"}],"about":[{"href":"https:\/\/mgvpublications.com\/de\/wp-json\/wp\/v2\/types\/product"}],"wp:featuredmedia":[{"embeddable":true,"href":"https:\/\/mgvpublications.com\/de\/wp-json\/wp\/v2\/media\/19466"}],"wp:attachment":[{"href":"https:\/\/mgvpublications.com\/de\/wp-json\/wp\/v2\/media?parent=19467"}],"wp:term":[{"taxonomy":"product_cat","embeddable":true,"href":"https:\/\/mgvpublications.com\/de\/wp-json\/wp\/v2\/product_cat?post=19467"},{"taxonomy":"product_tag","embeddable":true,"href":"https:\/\/mgvpublications.com\/de\/wp-json\/wp\/v2\/product_tag?post=19467"},{"taxonomy":"item","embeddable":true,"href":"https:\/\/mgvpublications.com\/de\/wp-json\/wp\/v2\/item?post=19467"}],"curies":[{"name":"wp","href":"https:\/\/api.w.org\/{rel}","templated":true}]}}