{"id":19465,"date":"2021-05-08T15:25:58","date_gmt":"2021-05-08T13:25:58","guid":{"rendered":"https:\/\/mgvpublications.com\/produkt\/hayat-kaybettigin-yerden-baslar\/"},"modified":"2022-03-08T22:54:02","modified_gmt":"2022-03-08T21:54:02","slug":"hayat-kaybettigin-yerden-baslar","status":"publish","type":"product","link":"https:\/\/mgvpublications.com\/de\/hayat-kaybettigin-yerden-baslar\/","title":{"rendered":"Hayat Kaybetti\u011fin Yerden Ba\u015flar"},"content":{"rendered":"<p>Yay\u0131n Tarihi: 19.04.2021<br \/>ISBN: 9786257671293<br \/>Dil: T\u00dcRK\u00c7E<br \/>Sayfa Say\u0131s\u0131: 200<br \/>Cilt Tipi: Karton Kapak<br \/>Ka\u011f\u0131t Cinsi: Kitap Ka\u011f\u0131d\u0131<br \/>Boyut: 13.5 x 21 cm<\/p>","protected":false},"excerpt":{"rendered":"<p>\u201cKaybetti\u011finde de\u011fil, vazge\u00e7ti\u011finde yenilirsin\u201d B\u00fct\u00fcn d\u00fcnya bir araya gelse ve sana ge\u00e7 kald\u0131\u011f\u0131n\u0131 s\u00f6ylese bile, hay\u0131r, kalmad\u0131n! Aksine, tam da yeniden ba\u015flaman gereken noktadas\u0131n. \u00dcstelik bazen \u00f6yle d\u00fc\u015f\u00fcnmekten kendini alamasan da, hi\u00e7bir \u015fey kaybetmedin. Kaybettiklerin senden gitmesi gerekenlerdi\u2026 Sen, seni daha da g\u00fczelle\u015ftirecek ad\u0131mlarla yoluna devam edeceksin. Kaybetti\u011fin i\u00e7in \u00fcz\u00fcld\u00fcklerinin, asl\u0131nda kurtuldu\u011fun y\u00fckler oldu\u011funu g\u00f6receksin. Mesele kaybetmekse, hayatta bu da var, kaybedeceksin; ama senden gidenlere \u00fcz\u00fclmeyeceksin, yerine daha iyilerini getireceksin. \u00c7\u00fcnk\u00fc hayat kaybetti\u011fin yerden bir daha ba\u015flar. Kaybetti\u011fin yerden \u201cyeniden\u201d diyeceksin\u2026<\/p>","protected":false},"featured_media":20688,"template":"","meta":{"spay_email":""},"product_cat":[168],"product_tag":[],"item":[509],"acf":[],"_links":{"self":[{"href":"https:\/\/mgvpublications.com\/de\/wp-json\/wp\/v2\/product\/19465"}],"collection":[{"href":"https:\/\/mgvpublications.com\/de\/wp-json\/wp\/v2\/product"}],"about":[{"href":"https:\/\/mgvpublications.com\/de\/wp-json\/wp\/v2\/types\/product"}],"wp:featuredmedia":[{"embeddable":true,"href":"https:\/\/mgvpublications.com\/de\/wp-json\/wp\/v2\/media\/20688"}],"wp:attachment":[{"href":"https:\/\/mgvpublications.com\/de\/wp-json\/wp\/v2\/media?parent=19465"}],"wp:term":[{"taxonomy":"product_cat","embeddable":true,"href":"https:\/\/mgvpublications.com\/de\/wp-json\/wp\/v2\/product_cat?post=19465"},{"taxonomy":"product_tag","embeddable":true,"href":"https:\/\/mgvpublications.com\/de\/wp-json\/wp\/v2\/product_tag?post=19465"},{"taxonomy":"item","embeddable":true,"href":"https:\/\/mgvpublications.com\/de\/wp-json\/wp\/v2\/item?post=19465"}],"curies":[{"name":"wp","href":"https:\/\/api.w.org\/{rel}","templated":true}]}}