{"id":19463,"date":"2021-05-08T15:25:58","date_gmt":"2021-05-08T13:25:58","guid":{"rendered":"https:\/\/mgvpublications.com\/produkt\/kuran-ve-sunnete-gore-musluman-toplumu\/"},"modified":"2024-10-28T21:44:44","modified_gmt":"2024-10-28T20:44:44","slug":"kuran-ve-sunnete-gore-musluman-toplumu","status":"publish","type":"product","link":"https:\/\/mgvpublications.com\/de\/kuran-ve-sunnete-gore-musluman-toplumu\/","title":{"rendered":"Kur&#8217;an ve S\u00fcnnet&#8217;e G\u00f6re M\u00fcsl\u00fcman Toplumu"},"content":{"rendered":"<p>\u00c7evirmen: M. Be\u015fir Eryarsoy<br \/>Yay\u0131n Tarihi: 20.02.2018<br \/>ISBN: 9789756223147<br \/>Dil: T\u00dcRK\u00c7E<br \/>Sayfa Say\u0131s\u0131: 465<br \/>Cilt Tipi: Karton Kapak<br \/>Ka\u011f\u0131t Cinsi: Kitap Ka\u011f\u0131d\u0131<br \/>Boyut: 14.5 x 21.5 cm<\/p>","protected":false},"excerpt":{"rendered":"<p>Bu eserde Kur\u2019\u00e2n ve s\u00fcnnetten hareket edilerek m\u00fcsl\u00fcman toplumun \u00f6zellikleri ortaya konulmaktad\u0131r. Adalet ve e\u015fitli\u011fin egemen oldu\u011fu bu toplumun y\u00fcce ahl\u00e2k\u00ee de\u011ferler \u00fczerinde y\u00fckseldi\u011fi, dayan\u0131\u015fma i\u00e7erisinde sevgi, karde\u015flik ve ho\u015fg\u00f6r\u00fcy\u00fc benimsedi\u011fi, sosyal adaletin tam anlam\u0131yla bu toplumda ger\u00e7ekle\u015fti\u011fi anlat\u0131lmaktad\u0131r.<\/p>","protected":false},"featured_media":23177,"template":"","meta":{"spay_email":""},"product_cat":[174],"product_tag":[],"item":[940],"acf":[],"_links":{"self":[{"href":"https:\/\/mgvpublications.com\/de\/wp-json\/wp\/v2\/product\/19463"}],"collection":[{"href":"https:\/\/mgvpublications.com\/de\/wp-json\/wp\/v2\/product"}],"about":[{"href":"https:\/\/mgvpublications.com\/de\/wp-json\/wp\/v2\/types\/product"}],"wp:featuredmedia":[{"embeddable":true,"href":"https:\/\/mgvpublications.com\/de\/wp-json\/wp\/v2\/media\/23177"}],"wp:attachment":[{"href":"https:\/\/mgvpublications.com\/de\/wp-json\/wp\/v2\/media?parent=19463"}],"wp:term":[{"taxonomy":"product_cat","embeddable":true,"href":"https:\/\/mgvpublications.com\/de\/wp-json\/wp\/v2\/product_cat?post=19463"},{"taxonomy":"product_tag","embeddable":true,"href":"https:\/\/mgvpublications.com\/de\/wp-json\/wp\/v2\/product_tag?post=19463"},{"taxonomy":"item","embeddable":true,"href":"https:\/\/mgvpublications.com\/de\/wp-json\/wp\/v2\/item?post=19463"}],"curies":[{"name":"wp","href":"https:\/\/api.w.org\/{rel}","templated":true}]}}