{"id":19461,"date":"2021-05-08T15:25:57","date_gmt":"2021-05-08T13:25:57","guid":{"rendered":"https:\/\/mgvpublications.com\/produkt\/iman-ve-inkar-aynasinda-iki-kadin-portresi\/"},"modified":"2022-03-08T22:54:01","modified_gmt":"2022-03-08T21:54:01","slug":"iman-ve-inkar-aynasinda-iki-kadin-portresi","status":"publish","type":"product","link":"https:\/\/mgvpublications.com\/de\/iman-ve-inkar-aynasinda-iki-kadin-portresi\/","title":{"rendered":"\u0130man ve \u0130nkar Aynas\u0131nda \u0130ki Kad\u0131n Portresi"},"content":{"rendered":"<p>\u00c7evirmen: Osman Arpa\u00e7ukuru<br \/>Yay\u0131n Tarihi: 01.01.2011<br \/>ISBN: 9789757105176<br \/>Dil: T\u00dcRK\u00c7E<br \/>Sayfa Say\u0131s\u0131: 128<br \/>Cilt Tipi: Karton Kapak<br \/>Ka\u011f\u0131t Cinsi: 3. Hm. Ka\u011f\u0131t<br \/>Boyut: 13 x 19 cm<\/p>","protected":false},"excerpt":{"rendered":"<p>&#8220;Hakikati inkara \u015fartlanm\u0131\u015f olanlara gelince, Allah, Nuh&#8217;un kar\u0131s\u0131 ile Lut&#8217;un kar\u0131s\u0131n\u0131n k\u0131ssalar\u0131n\u0131 \u00f6rnek getirmektedir: Onlar iki d\u00fcr\u00fcst ve erdemli kulumuzun nikah\u0131 alt\u0131nda idiler, ama kocalar\u0131na ihanet etmi\u015flerdi; ve bu iki kad\u0131na Hesap G\u00fcn\u00fc: &#8220;Haydi b\u00fct\u00fcn \u00f6teki g\u00fcnahkarlarla birlikte ate\u015fe girin!&#8221; denildi\u011finde iki kocan\u0131n da onlara bir faydas\u0131 dokunmayacakt\u0131r! \u0130mana ermi\u015f olanlara da Allah, Firavun&#8217;un kar\u0131s\u0131n\u0131n k\u0131ssas\u0131n\u0131 \u00f6rnek getirmi\u015ftir, ki o, &#8220;Ey Rabbim!&#8221;diye yalvarm\u0131\u015ft\u0131, &#8220;senin kat\u0131nda olan cennette benim i\u00e7in bir k\u00f6\u015fk in\u015fa et, beni Firavun&#8217;dan ve yapt\u0131klar\u0131ndan koru ve beni \u015fu zalim halk\u0131n elinden kurtar.&#8221; Ve \u0130mran&#8217;\u0131n k\u0131z\u0131 Meryem&#8217;in k\u0131ssas\u0131n\u0131 Allah&#8217;a kar\u015f\u0131 sorumluluk bilinci ta\u015f\u0131yanlar\u0131n di\u011fer bir \u00f6rne\u011fi yapt\u0131k: O iffetini korumu\u015ftu, bunun \u00fczerine Biz onun rahmindekine ruhumuzdan \u00fcflemi\u015ftik, ve Meryem Rabbinin s\u00f6zlerinin ve b\u00f6ylece, vahyettiklerinin do\u011frulu\u011funu kabul etmi\u015f ve samimiyetle ba\u011flananlardan biri olmu\u015ftu.&#8221; Kur&#8217;an 66\/10-12<\/p>","protected":false},"featured_media":19460,"template":"","meta":{"spay_email":""},"product_cat":[174],"product_tag":[],"item":[1355],"acf":[],"_links":{"self":[{"href":"https:\/\/mgvpublications.com\/de\/wp-json\/wp\/v2\/product\/19461"}],"collection":[{"href":"https:\/\/mgvpublications.com\/de\/wp-json\/wp\/v2\/product"}],"about":[{"href":"https:\/\/mgvpublications.com\/de\/wp-json\/wp\/v2\/types\/product"}],"wp:featuredmedia":[{"embeddable":true,"href":"https:\/\/mgvpublications.com\/de\/wp-json\/wp\/v2\/media\/19460"}],"wp:attachment":[{"href":"https:\/\/mgvpublications.com\/de\/wp-json\/wp\/v2\/media?parent=19461"}],"wp:term":[{"taxonomy":"product_cat","embeddable":true,"href":"https:\/\/mgvpublications.com\/de\/wp-json\/wp\/v2\/product_cat?post=19461"},{"taxonomy":"product_tag","embeddable":true,"href":"https:\/\/mgvpublications.com\/de\/wp-json\/wp\/v2\/product_tag?post=19461"},{"taxonomy":"item","embeddable":true,"href":"https:\/\/mgvpublications.com\/de\/wp-json\/wp\/v2\/item?post=19461"}],"curies":[{"name":"wp","href":"https:\/\/api.w.org\/{rel}","templated":true}]}}