{"id":19459,"date":"2021-05-08T15:25:57","date_gmt":"2021-05-08T13:25:57","guid":{"rendered":"https:\/\/mgvpublications.com\/produkt\/batida-hz-muhammed-imaji\/"},"modified":"2022-03-08T22:54:01","modified_gmt":"2022-03-08T21:54:01","slug":"batida-hz-muhammed-imaji","status":"publish","type":"product","link":"https:\/\/mgvpublications.com\/de\/batida-hz-muhammed-imaji\/","title":{"rendered":"Bat\u0131\u2019da Hz. Muhammed \u0130maj\u0131"},"content":{"rendered":"<p>Yay\u0131n Tarihi: 12.01.2021<br \/>ISBN: 9789755749129<br \/>Dil: T\u00dcRK\u00c7E<br \/>Sayfa Say\u0131s\u0131: 494<br \/>Cilt Tipi: Karton Kapak<br \/>Ka\u011f\u0131t Cinsi: Kitap Ka\u011f\u0131d\u0131<br \/>Boyut: 16 x 23.5 cm<\/p>","protected":false},"excerpt":{"rendered":"<p>\u201cBiz en fazla mesaimizi (Hz.) Muhammed\u2019in peygamber olmad\u0131\u011f\u0131n\u0131 ispat \u00fczerine yo\u011funla\u015ft\u0131rd\u0131k. Zira o peygamber de\u011filse Kur\u2019an da vahiy olmayacakt\u0131.\u201d -Norman Daniel \u201cM\u00fcsl\u00fcmanlar\u0131n Kitab\u0131 ve (Hz.) Muhammed\u2019in peygamberlik tecr\u00fcbesi o kadar i\u00e7 i\u00e7edir ki, biri olmaks\u0131z\u0131n di\u011feri asla anla\u015f\u0131lamaz.\u201d -Alfred Welch \u201cD\u00fcnyadaki b\u00fcy\u00fck insanlardan hi\u00e7 biri Muhammed kadar iftiraya u\u011framam\u0131\u015ft\u0131r.\u201d -W.M.Watt Bat\u0131\u2019da Hz. Peygamber imaj\u0131na dair \u00e7ok say\u0131da literat\u00fcr \u00fcretilmi\u015ftir. \u0130sl\u00e2m\u2019\u0131n do\u011fu\u015fu d\u00f6nemindeki Kilise babalar\u0131, Latin kronik\u00e7ileri, Orta\u00e7a\u011f, Reformasyon, Ayd\u0131nlanma ve oryantalistik d\u00f6nem ile g\u00fcn\u00fcm\u00fczdeki Bat\u0131l\u0131 \u0130sl\u00e2m kar\u015f\u0131t\u0131 yazarlar\u0131n \u00e7o\u011fu, ilgili eserlerindeki \u015f\u00fcphe, iddia ve iftiralar\u0131nda daha ziyade Hz. Peygamber\u2019i hedef alm\u0131\u015flard\u0131r. Zira Hz. Peygamber\u2019e y\u00f6nelik \u015f\u00fcphe, ayn\u0131 zamanda O\u2019nun peygamberli\u011fine, getirdi\u011fi vahye ve bir b\u00fct\u00fcn olarak \u0130sl\u00e2m\u2019a y\u00f6nelecektir. Bu durum, Hz. Peygamber\u2019in \u0130sl\u00e2m\u2019daki merkez\u00ee rol\u00fcn\u00fcn, Kur\u2019an ve Hz. Peygamber\u2019in peygamberli\u011finin \u201ci\u00e7 i\u00e7e\u201d ge\u00e7mi\u015fli\u011finin, \u201cen g\u00fczel \u00f6rnek (\u00fcsve-i hasene)\u201d olarak O\u2019nun M\u00fcsl\u00fcmanlar i\u00e7in \u00f6neminin Bat\u0131\u2019da asl\u0131nda iyi kavrand\u0131\u011f\u0131n\u0131 g\u00f6sterir. Bu \u00e7al\u0131\u015fma, \u0130sl\u00e2m\u2019\u0131n do\u011fu\u015fundan itibaren Bat\u0131\u2019da Hz. Peygamber\u2019e dair imge, imaj, iddia-iftira ve tipolojiler ile bunlar\u0131n sebeplerini ve kaynaklar\u0131n\u0131 as\u0131rlara g\u00f6re bir b\u00fct\u00fcn olarak ele almakta, \u0130sl\u00e2m ve Hz. Peygamber kar\u015f\u0131tl\u0131\u011f\u0131nda tarihin asl\u0131nda modern versiyonlar\u0131yla tekerr\u00fcr etti(rildi)\u011finin alt\u0131n\u0131 \u00e7izmekte, genelde negatif olan bu imaj\u0131n iz\u00e2lesi konusunda yap\u0131labileceklere dair M\u00fcsl\u00fcmanlara baz\u0131 perspektifler sunmaktad\u0131r.<\/p>","protected":false},"featured_media":20224,"template":"","meta":{"spay_email":""},"product_cat":[174],"product_tag":[],"item":[503],"acf":[],"_links":{"self":[{"href":"https:\/\/mgvpublications.com\/de\/wp-json\/wp\/v2\/product\/19459"}],"collection":[{"href":"https:\/\/mgvpublications.com\/de\/wp-json\/wp\/v2\/product"}],"about":[{"href":"https:\/\/mgvpublications.com\/de\/wp-json\/wp\/v2\/types\/product"}],"wp:featuredmedia":[{"embeddable":true,"href":"https:\/\/mgvpublications.com\/de\/wp-json\/wp\/v2\/media\/20224"}],"wp:attachment":[{"href":"https:\/\/mgvpublications.com\/de\/wp-json\/wp\/v2\/media?parent=19459"}],"wp:term":[{"taxonomy":"product_cat","embeddable":true,"href":"https:\/\/mgvpublications.com\/de\/wp-json\/wp\/v2\/product_cat?post=19459"},{"taxonomy":"product_tag","embeddable":true,"href":"https:\/\/mgvpublications.com\/de\/wp-json\/wp\/v2\/product_tag?post=19459"},{"taxonomy":"item","embeddable":true,"href":"https:\/\/mgvpublications.com\/de\/wp-json\/wp\/v2\/item?post=19459"}],"curies":[{"name":"wp","href":"https:\/\/api.w.org\/{rel}","templated":true}]}}