{"id":19457,"date":"2021-05-08T15:25:56","date_gmt":"2021-05-08T13:25:56","guid":{"rendered":"https:\/\/mgvpublications.com\/produkt\/hak-yolunun-esaslari\/"},"modified":"2022-03-08T22:54:01","modified_gmt":"2022-03-08T21:54:01","slug":"hak-yolunun-esaslari","status":"publish","type":"product","link":"https:\/\/mgvpublications.com\/de\/hak-yolunun-esaslari\/","title":{"rendered":"Hak Yolunun Esaslar\u0131"},"content":{"rendered":"<p>\u00c7evirmen: Do\u00e7. Dr. Dilaver Selvi<br \/>Yay\u0131n Tarihi: 30.03.2004<br \/>ISBN: 9786054491162<br \/>Dil: T\u00dcRK\u00c7E<br \/>Sayfa Say\u0131s\u0131: 256<br \/>Cilt Tipi: Karton Kapak<br \/>Ka\u011f\u0131t Cinsi: Kitap Ka\u011f\u0131d\u0131<br \/>Boyut: 13.5 x 21 cm<\/p>","protected":false},"excerpt":{"rendered":"<p>\u0130mam Gazali (rah), bu eserde itikad, edep, g\u00fczel ahlak ve seyru s\u00fcl\u00fck konular\u0131nda en laz\u0131m bilgileri \u00f6zl\u00fc bir \u015fekilde ortaya koymakta; ayn\u0131 zamanda Ehl-i S\u00fcnnet itikad\u0131na ayk\u0131r\u0131 olan mezhep ve d\u00fc\u015f\u00fcnceleri de\u011ferlendirip reddetmektedir.<\/p>","protected":false},"featured_media":19456,"template":"","meta":{"spay_email":""},"product_cat":[174],"product_tag":[],"item":[687],"acf":[],"_links":{"self":[{"href":"https:\/\/mgvpublications.com\/de\/wp-json\/wp\/v2\/product\/19457"}],"collection":[{"href":"https:\/\/mgvpublications.com\/de\/wp-json\/wp\/v2\/product"}],"about":[{"href":"https:\/\/mgvpublications.com\/de\/wp-json\/wp\/v2\/types\/product"}],"wp:featuredmedia":[{"embeddable":true,"href":"https:\/\/mgvpublications.com\/de\/wp-json\/wp\/v2\/media\/19456"}],"wp:attachment":[{"href":"https:\/\/mgvpublications.com\/de\/wp-json\/wp\/v2\/media?parent=19457"}],"wp:term":[{"taxonomy":"product_cat","embeddable":true,"href":"https:\/\/mgvpublications.com\/de\/wp-json\/wp\/v2\/product_cat?post=19457"},{"taxonomy":"product_tag","embeddable":true,"href":"https:\/\/mgvpublications.com\/de\/wp-json\/wp\/v2\/product_tag?post=19457"},{"taxonomy":"item","embeddable":true,"href":"https:\/\/mgvpublications.com\/de\/wp-json\/wp\/v2\/item?post=19457"}],"curies":[{"name":"wp","href":"https:\/\/api.w.org\/{rel}","templated":true}]}}