{"id":19455,"date":"2021-05-08T15:25:56","date_gmt":"2021-05-08T13:25:56","guid":{"rendered":"https:\/\/mgvpublications.com\/produkt\/enfes-masallar\/"},"modified":"2022-03-08T22:54:01","modified_gmt":"2022-03-08T21:54:01","slug":"enfes-masallar","status":"publish","type":"product","link":"https:\/\/mgvpublications.com\/de\/enfes-masallar\/","title":{"rendered":"Enfes Masallar"},"content":{"rendered":"<p>Yay\u0131n Tarihi: 01.06.2020<br \/>ISBN: 9786056984556<br \/>Dil: T\u00dcRK\u00c7E<br \/>Sayfa Say\u0131s\u0131: 72<br \/>Cilt Tipi: Karton Kapak<br \/>Ka\u011f\u0131t Cinsi: Kitap Ka\u011f\u0131d\u0131<br \/>Boyut: 13.5 x 19.5 cm<\/p>","protected":false},"excerpt":{"rendered":"<p>\u00c7a\u011fda\u015f edebiyat\u0131m\u0131z\u0131n usta yazarlar\u0131ndan Eyy\u00fcp Aky\u00fcz, Uyand\u0131ran Masallar\u201bla d\u00fcnya masal edebiyat\u0131n\u0131n b\u00fcy\u00fcklerinden K\u00fc\u00e7\u00fck Prens, Mart\u0131 ve K\u00fc\u00e7\u00fck Kara Bal\u0131k gibi kitaplarla boy \u00f6l\u00e7\u00fc\u015febilecek bir eser kaleme ald\u0131. Enfes Masallar\u201bda da s\u00fcr\u00fckleyici bir anlat\u0131mla her ya\u015ftan okurun okuyabilece\u011fi nitelikte masallar yazan Aky\u00fcz; okuru, insana ve hayata dair g\u00f6zden ka\u00e7\u0131rd\u0131\u011f\u0131m\u0131z pek \u00e7ok de\u011feri g\u00f6rmeye davet ediyor.<\/p>","protected":false},"featured_media":19454,"template":"","meta":{"spay_email":""},"product_cat":[172],"product_tag":[],"item":[1722],"acf":[],"_links":{"self":[{"href":"https:\/\/mgvpublications.com\/de\/wp-json\/wp\/v2\/product\/19455"}],"collection":[{"href":"https:\/\/mgvpublications.com\/de\/wp-json\/wp\/v2\/product"}],"about":[{"href":"https:\/\/mgvpublications.com\/de\/wp-json\/wp\/v2\/types\/product"}],"wp:featuredmedia":[{"embeddable":true,"href":"https:\/\/mgvpublications.com\/de\/wp-json\/wp\/v2\/media\/19454"}],"wp:attachment":[{"href":"https:\/\/mgvpublications.com\/de\/wp-json\/wp\/v2\/media?parent=19455"}],"wp:term":[{"taxonomy":"product_cat","embeddable":true,"href":"https:\/\/mgvpublications.com\/de\/wp-json\/wp\/v2\/product_cat?post=19455"},{"taxonomy":"product_tag","embeddable":true,"href":"https:\/\/mgvpublications.com\/de\/wp-json\/wp\/v2\/product_tag?post=19455"},{"taxonomy":"item","embeddable":true,"href":"https:\/\/mgvpublications.com\/de\/wp-json\/wp\/v2\/item?post=19455"}],"curies":[{"name":"wp","href":"https:\/\/api.w.org\/{rel}","templated":true}]}}