{"id":19451,"date":"2021-05-08T15:25:55","date_gmt":"2021-05-08T13:25:55","guid":{"rendered":"https:\/\/mgvpublications.com\/produkt\/arkadasim-arici-dunyayi-ogreniyorum\/"},"modified":"2022-03-08T22:54:01","modified_gmt":"2022-03-08T21:54:01","slug":"arkadasim-arici-dunyayi-ogreniyorum","status":"publish","type":"product","link":"https:\/\/mgvpublications.com\/de\/arkadasim-arici-dunyayi-ogreniyorum\/","title":{"rendered":"Arkada\u015f\u0131m Ar\u0131c\u0131 \/ D\u00fcnyay\u0131 \u00d6\u011freniyorum"},"content":{"rendered":"<p>\u00c7evirmen: Ay\u00e7a Sabuncuo\u011flu<br \/>Yay\u0131n Tarihi: 29.11.2018<br \/>ISBN: 9786053320463<br \/>Dil: T\u00dcRK\u00c7E<br \/>Sayfa Say\u0131s\u0131: 24<br \/>Cilt Tipi: Karton Kapak<br \/>Ka\u011f\u0131t Cinsi: Ku\u015fe Ka\u011f\u0131t<br \/>Boyut: 22 x 22 cm<\/p>","protected":false},"excerpt":{"rendered":"<p>Ar\u0131lar do\u011fal ya\u015fam i\u00e7in \u00e7ok \u00f6nemli hayvanlard\u0131r. Bitkilerin \u00e7o\u011falmas\u0131na yard\u0131m ederek, do\u011fal dengenin sa\u011flanmas\u0131nda hayati bir rol oynarlar. Severek yedi\u011fimiz bal\u0131 da ar\u0131lar yapar. Ar\u0131c\u0131lar kovanlarda ar\u0131 besler ve ar\u0131lar\u0131n yapt\u0131\u011f\u0131 bal\u0131 toplayarak satarlar. Hadi gidip ar\u0131c\u0131lar\u0131n nas\u0131l \u00e7al\u0131\u015ft\u0131\u011f\u0131n\u0131 g\u00f6relim.<\/p>","protected":false},"featured_media":19450,"template":"","meta":{"spay_email":""},"product_cat":[172],"product_tag":[],"item":[336],"acf":[],"_links":{"self":[{"href":"https:\/\/mgvpublications.com\/de\/wp-json\/wp\/v2\/product\/19451"}],"collection":[{"href":"https:\/\/mgvpublications.com\/de\/wp-json\/wp\/v2\/product"}],"about":[{"href":"https:\/\/mgvpublications.com\/de\/wp-json\/wp\/v2\/types\/product"}],"wp:featuredmedia":[{"embeddable":true,"href":"https:\/\/mgvpublications.com\/de\/wp-json\/wp\/v2\/media\/19450"}],"wp:attachment":[{"href":"https:\/\/mgvpublications.com\/de\/wp-json\/wp\/v2\/media?parent=19451"}],"wp:term":[{"taxonomy":"product_cat","embeddable":true,"href":"https:\/\/mgvpublications.com\/de\/wp-json\/wp\/v2\/product_cat?post=19451"},{"taxonomy":"product_tag","embeddable":true,"href":"https:\/\/mgvpublications.com\/de\/wp-json\/wp\/v2\/product_tag?post=19451"},{"taxonomy":"item","embeddable":true,"href":"https:\/\/mgvpublications.com\/de\/wp-json\/wp\/v2\/item?post=19451"}],"curies":[{"name":"wp","href":"https:\/\/api.w.org\/{rel}","templated":true}]}}