{"id":19443,"date":"2021-05-08T15:25:51","date_gmt":"2021-05-08T13:25:51","guid":{"rendered":"https:\/\/mgvpublications.com\/produkt\/saraydaki-casus-gizli-belgelerle-abdulhamid-devri-ve-ingiliz-ajani-yahudi-vambery\/"},"modified":"2025-08-12T18:52:44","modified_gmt":"2025-08-12T16:52:44","slug":"saraydaki-casus-gizli-belgelerle-abdulhamid-devri-ve-ingiliz-ajani-yahudi-vambery","status":"publish","type":"product","link":"https:\/\/mgvpublications.com\/de\/saraydaki-casus-gizli-belgelerle-abdulhamid-devri-ve-ingiliz-ajani-yahudi-vambery\/","title":{"rendered":"Saraydaki Casus\/ Gizli Belgelerle Abd\u00fclhamid Devri ve \u0130ngiliz Ajan\u0131 Yahudi: Vambery"},"content":{"rendered":"<p>Yay\u0131n Tarihi: 30.06.1998<br \/>ISBN: 9789753710480<br \/>Dil: T\u00dcRK\u00c7E<br \/>Sayfa Say\u0131s\u0131: 296<br \/>Cilt Tipi: Karton Kapak<br \/>Ka\u011f\u0131t Cinsi: 3. Hm. Ka\u011f\u0131t<br \/>Boyut: 13 x 19.5 cm<\/p>","protected":false},"excerpt":{"rendered":"<p>Hayat\u0131 macera filmleri kadar fantezi ve ser\u00fcven dolu Yahudi profes\u00f6r\u00fcn ilgi \u00e7ekici hikayesidir. Takma ad\u0131 Ra\u015fit Efendi olan sahte dervi\u015f Vambery, Abd\u00fclhamid&#8217;in en yak\u0131n\u0131na kadar sokulur. Saraydaki b\u00fct\u00fcn geli\u015fmeleri an\u0131nda \u0130ngilizlere rapor eder. Yahudilerin Filistin&#8217;e yerle\u015fmeleri i\u00e7in giri\u015fimlerde bulunur. J\u00f6nt\u00fcrklere ak\u0131l hocal\u0131\u011f\u0131 yapar. Yak\u0131n tarihimizin uzman ismi Prof. Dr. Mim Kemal \u00d6ke, \u0130ngiliz, \u0130srail ve T\u00fcrk ar\u015fivlerinin karanl\u0131k raflar\u0131ndaki belgeleri g\u00fcn\u0131\u015f\u0131\u011f\u0131na \u00e7\u0131kard\u0131.<\/p>","protected":false},"featured_media":19442,"template":"","meta":{"spay_email":""},"product_cat":[170],"product_tag":[],"item":[1724],"acf":[],"_links":{"self":[{"href":"https:\/\/mgvpublications.com\/de\/wp-json\/wp\/v2\/product\/19443"}],"collection":[{"href":"https:\/\/mgvpublications.com\/de\/wp-json\/wp\/v2\/product"}],"about":[{"href":"https:\/\/mgvpublications.com\/de\/wp-json\/wp\/v2\/types\/product"}],"wp:featuredmedia":[{"embeddable":true,"href":"https:\/\/mgvpublications.com\/de\/wp-json\/wp\/v2\/media\/19442"}],"wp:attachment":[{"href":"https:\/\/mgvpublications.com\/de\/wp-json\/wp\/v2\/media?parent=19443"}],"wp:term":[{"taxonomy":"product_cat","embeddable":true,"href":"https:\/\/mgvpublications.com\/de\/wp-json\/wp\/v2\/product_cat?post=19443"},{"taxonomy":"product_tag","embeddable":true,"href":"https:\/\/mgvpublications.com\/de\/wp-json\/wp\/v2\/product_tag?post=19443"},{"taxonomy":"item","embeddable":true,"href":"https:\/\/mgvpublications.com\/de\/wp-json\/wp\/v2\/item?post=19443"}],"curies":[{"name":"wp","href":"https:\/\/api.w.org\/{rel}","templated":true}]}}