{"id":19437,"date":"2021-05-08T15:25:50","date_gmt":"2021-05-08T13:25:50","guid":{"rendered":"https:\/\/mgvpublications.com\/produkt\/basariya-goturen-aile\/"},"modified":"2022-03-08T22:53:59","modified_gmt":"2022-03-08T21:53:59","slug":"basariya-goturen-aile","status":"publish","type":"product","link":"https:\/\/mgvpublications.com\/de\/basariya-goturen-aile\/","title":{"rendered":"Ba\u015far\u0131ya G\u00f6t\u00fcren Aile"},"content":{"rendered":"<p>Kapak: \u00d6mer Erduran<br \/>Yay\u0131n Tarihi: 30.10.2019<br \/>ISBN: 9789751411075<br \/>Dil: T\u00dcRK\u00c7E<br \/>Sayfa Say\u0131s\u0131: 143<br \/>Cilt Tipi: Karton Kapak<br \/>Ka\u011f\u0131t Cinsi: Kitap Ka\u011f\u0131d\u0131<br \/>Boyut: 13.5 x 20 cm<\/p>","protected":false},"excerpt":{"rendered":"<p>S\u0131nav D\u00f6neminde Anababal\u0131k Bu kitap, \u00e7ocu\u011funun ba\u015far\u0131l\u0131 olmas\u0131 i\u00e7in, &#8220;\u00c7ok \u00e7al\u0131\u015f o\u011flum\/k\u0131z\u0131m,&#8221; demenin ya da t\u00fcm maddi olanaklar\u0131n\u0131 seferber etmenin \u00f6tesinde bir \u015feyler yapmak isteyen anababalara yol g\u00f6stermek amac\u0131yla yaz\u0131ld\u0131. Her anababa, okul ba\u015far\u0131s\u0131 i\u00e7in \u00e7ocu\u011funa yard\u0131mc\u0131 olmak ister. Ama \u00f6\u011frenme s\u00fcrecinin bilimsel temellerini kavramadan at\u0131lacak her ad\u0131m, iyi niyetli de olsa, \u00e7ocu\u011fu engelleyebilir. Ba\u015far\u0131ya G\u00f6t\u00fcren Aile, s\u0131nav d\u00f6neminde \u00e7ocuklar\u0131na destek olmak i\u00e7in do\u011fru ve etkili y\u00f6ntemler arayan t\u00fcm anababalara k\u0131lavuzluk edecek.<\/p>","protected":false},"featured_media":19436,"template":"","meta":{"spay_email":""},"product_cat":[171],"product_tag":[],"item":[437],"acf":[],"_links":{"self":[{"href":"https:\/\/mgvpublications.com\/de\/wp-json\/wp\/v2\/product\/19437"}],"collection":[{"href":"https:\/\/mgvpublications.com\/de\/wp-json\/wp\/v2\/product"}],"about":[{"href":"https:\/\/mgvpublications.com\/de\/wp-json\/wp\/v2\/types\/product"}],"wp:featuredmedia":[{"embeddable":true,"href":"https:\/\/mgvpublications.com\/de\/wp-json\/wp\/v2\/media\/19436"}],"wp:attachment":[{"href":"https:\/\/mgvpublications.com\/de\/wp-json\/wp\/v2\/media?parent=19437"}],"wp:term":[{"taxonomy":"product_cat","embeddable":true,"href":"https:\/\/mgvpublications.com\/de\/wp-json\/wp\/v2\/product_cat?post=19437"},{"taxonomy":"product_tag","embeddable":true,"href":"https:\/\/mgvpublications.com\/de\/wp-json\/wp\/v2\/product_tag?post=19437"},{"taxonomy":"item","embeddable":true,"href":"https:\/\/mgvpublications.com\/de\/wp-json\/wp\/v2\/item?post=19437"}],"curies":[{"name":"wp","href":"https:\/\/api.w.org\/{rel}","templated":true}]}}