{"id":19427,"date":"2021-05-08T15:25:46","date_gmt":"2021-05-08T13:25:46","guid":{"rendered":"https:\/\/mgvpublications.com\/produkt\/3391-kilometre-karton-kapak\/"},"modified":"2022-03-16T17:59:16","modified_gmt":"2022-03-16T16:59:16","slug":"3391-kilometre-karton-kapak","status":"publish","type":"product","link":"https:\/\/mgvpublications.com\/de\/3391-kilometre-karton-kapak\/","title":{"rendered":"3391 Kilometre (Karton Kapak)"},"content":{"rendered":"<p>Yay\u0131n Tarihi: 13.05.2019<br \/>ISBN: 9786052361832<br \/>Dil: T\u00dcRK\u00c7E<br \/>Sayfa Say\u0131s\u0131: 472<br \/>Cilt Tipi: Karton Kapak<br \/>Ka\u011f\u0131t Cinsi: Kitap Ka\u011f\u0131d\u0131<br \/>Boyut: 13.5 x 21 cm<\/p>","protected":false},"excerpt":{"rendered":"<p>Bir Mesafe A\u015fk\u0131 Hik\u00e2yesi Ya\u011fmur b\u00f6yle g\u00fczel ya\u011far m\u0131 bir daha \u015fimdi \u00e7\u0131k\u0131p \u0131slanmazsak? \u201cO g\u00fcn, bana \u2018Sinemaya gidelim mi?\u2019 diye sordu. 3391 kilometre \u00f6teden, \u015fehirlerce, denizlerce uza\u011f\u0131mdan\u2026 Yan\u0131mdaki insanlar g\u00f6rmezken beni, o bana imk\u00e2ns\u0131z oldu\u011funu bile bile \u2018Sinemaya gidelim mi?\u2019 dedi\u2026\u201d Aylarca sesini duymad\u0131\u011f\u0131n\u0131z, y\u00fcz\u00fcn\u00fc g\u00f6rmedi\u011finiz, dokunmad\u0131\u011f\u0131n\u0131z, kokusunu almad\u0131\u011f\u0131n\u0131z, ayn\u0131 sokaktan ge\u00e7me ihtimalinizin dahi olmad\u0131\u011f\u0131, ayn\u0131 foto\u011fraf\u0131n i\u00e7inde bile bulunamayaca\u011f\u0131n\u0131z, sizden kilometrelerce, hatta denizlerce, adalarca ve \u015fehirlerce uzakta olan bir insana \u00e2\u015f\u0131k olur muydunuz? Kendinize yapar m\u0131yd\u0131n\u0131z bunu? Bu hik\u00e2ye, uzak bir ili\u015fkinin hik\u00e2yesi! Birbirlerini g\u00f6rmeden ve duymadan, aylar boyunca gece g\u00fcnd\u00fcz konu\u015fan; birbirlerine bu kadar uzak, ama bir o kadar da yak\u0131n olan; aralar\u0131na giren onca kilometreye ra\u011fmen birbirlerine \u00e2\u015f\u0131k iki insan\u0131n hik\u00e2yesi! Buras\u0131 bizim gezegenimiz, burada her \u015fey an\u0131n\u0131 bekler. Buras\u0131, bizim 3391 kilometrelik gezegenimiz\u2026 \u201cSeni g\u00f6rmem i\u00e7in yan\u0131mda olmana gerek yok. G\u00f6zlerim kapal\u0131yken de g\u00f6rebiliyorum seni. Zaten seni g\u00f6zlerim kapal\u0131yken g\u00f6rebiliyorum sadece\u2026\u201d<\/p>","protected":false},"featured_media":19426,"template":"","meta":{"spay_email":""},"product_cat":[168],"product_tag":[],"item":[509],"acf":[],"_links":{"self":[{"href":"https:\/\/mgvpublications.com\/de\/wp-json\/wp\/v2\/product\/19427"}],"collection":[{"href":"https:\/\/mgvpublications.com\/de\/wp-json\/wp\/v2\/product"}],"about":[{"href":"https:\/\/mgvpublications.com\/de\/wp-json\/wp\/v2\/types\/product"}],"wp:featuredmedia":[{"embeddable":true,"href":"https:\/\/mgvpublications.com\/de\/wp-json\/wp\/v2\/media\/19426"}],"wp:attachment":[{"href":"https:\/\/mgvpublications.com\/de\/wp-json\/wp\/v2\/media?parent=19427"}],"wp:term":[{"taxonomy":"product_cat","embeddable":true,"href":"https:\/\/mgvpublications.com\/de\/wp-json\/wp\/v2\/product_cat?post=19427"},{"taxonomy":"product_tag","embeddable":true,"href":"https:\/\/mgvpublications.com\/de\/wp-json\/wp\/v2\/product_tag?post=19427"},{"taxonomy":"item","embeddable":true,"href":"https:\/\/mgvpublications.com\/de\/wp-json\/wp\/v2\/item?post=19427"}],"curies":[{"name":"wp","href":"https:\/\/api.w.org\/{rel}","templated":true}]}}