{"id":19419,"date":"2021-05-08T15:25:44","date_gmt":"2021-05-08T13:25:44","guid":{"rendered":"https:\/\/mgvpublications.com\/produkt\/kar-kuresi\/"},"modified":"2022-03-13T14:44:34","modified_gmt":"2022-03-13T13:44:34","slug":"kar-kuresi","status":"publish","type":"product","link":"https:\/\/mgvpublications.com\/de\/kar-kuresi\/","title":{"rendered":"Kar K\u00fcresi"},"content":{"rendered":"<p>Yay\u0131n Tarihi: 08.06.2020<br \/>ISBN: 9786057611635<br \/>Dil: T\u00dcRK\u00c7E<br \/>Sayfa Say\u0131s\u0131: 384<br \/>Cilt Tipi: Karton Kapak<br \/>Ka\u011f\u0131t Cinsi: Kitap Ka\u011f\u0131d\u0131<br \/>Boyut: 13.5 x 19.5 cm<\/p>","protected":false},"excerpt":{"rendered":"<p>Seni yan\u0131ma, t\u00fcm d\u00fcnyay\u0131 kar\u015f\u0131ma almak istiyorum. Hava so\u011fuktu, r\u00fczg\u00e2r ac\u0131mas\u0131z. Buras\u0131 bir kar k\u00fcresiydi, biz de i\u00e7indeki fig\u00fcrler. G\u00fcn gelecekti, birileri bu kar k\u00fcresini eline al\u0131p sallayacakt\u0131. Kar ya\u011f\u0131yor sanacakt\u0131k oysa alt\u00fcst olacakt\u0131k&#8230; Eyl\u00fcl, k\u0131\u015f\u0131n en so\u011fuk g\u00fcnlerinden birinde kendisini Abant G\u00f6l\u00fc&#8217;n\u00fcn yak\u0131nlar\u0131nda ormanl\u0131k bir alan\u0131n i\u00e7ine kurulmu\u015f Kar K\u00fcresi Psikolojik Destek Merkezinde buldu\u011funda ba\u015f\u0131na geleceklerden habersizdi. Buraya yaln\u0131zca psikolojik destek almak i\u00e7in geldi\u011fini sanan Eyl\u00fcl kendisini bamba\u015fka bir sona do\u011fru giderken bulacakt\u0131. \u00d6nce Merih&#8217;le tan\u0131\u015facak, sonra Merih&#8217;te kendisini bulacakt\u0131. &#8220;Biz buraday\u0131z,&#8221; diyecekti Merih ona, &#8220;ve bunlar ya\u015fan\u0131yor.&#8221; Bu hik\u00e2ye Eyl\u00fcl&#8217;\u00fcn ve Merih&#8217;in alt\u00fcst olmalar\u0131n\u0131n hik\u00e2yesi\u2026 Birlikte dibe batmalar\u0131n\u0131n ve \u0131\u015f\u0131ks\u0131z kalmalar\u0131n\u0131n hik\u00e2yesi&#8230; Hi\u00e7bir g\u00fcl\u00fcmsemesi i\u00e7ten olmayan, g\u00f6z\u00fc hep uzaklarda bir yerlere dalan, ne oldu\u011funun bilinmezli\u011finde oradan oraya savrulan, kanatlar\u0131n\u0131 g\u00f6remedi\u011fi i\u00e7in kendisini \u00e7irkin sanan tavus ku\u015flar\u0131n\u0131n hik\u00e2yesi. Bu hik\u00e2ye sizin hik\u00e2yeniz, bu sat\u0131rlar\u0131 siz yazd\u0131n\u0131z&#8230; Eyl\u00fcl ve Merih&#8217;in k\u0131\u015f masal\u0131n\u0131n i\u00e7inde \u00fc\u015f\u00fcmeye haz\u0131r m\u0131s\u0131n\u0131z? Bu do\u011fan g\u00fcne\u015f var ya Eyl\u00fcl&#8230; \u0130\u015fte o bizim i\u00e7in do\u011fmuyor.<\/p>","protected":false},"featured_media":19418,"template":"","meta":{"spay_email":""},"product_cat":[168],"product_tag":[],"item":[509],"acf":[],"_links":{"self":[{"href":"https:\/\/mgvpublications.com\/de\/wp-json\/wp\/v2\/product\/19419"}],"collection":[{"href":"https:\/\/mgvpublications.com\/de\/wp-json\/wp\/v2\/product"}],"about":[{"href":"https:\/\/mgvpublications.com\/de\/wp-json\/wp\/v2\/types\/product"}],"wp:featuredmedia":[{"embeddable":true,"href":"https:\/\/mgvpublications.com\/de\/wp-json\/wp\/v2\/media\/19418"}],"wp:attachment":[{"href":"https:\/\/mgvpublications.com\/de\/wp-json\/wp\/v2\/media?parent=19419"}],"wp:term":[{"taxonomy":"product_cat","embeddable":true,"href":"https:\/\/mgvpublications.com\/de\/wp-json\/wp\/v2\/product_cat?post=19419"},{"taxonomy":"product_tag","embeddable":true,"href":"https:\/\/mgvpublications.com\/de\/wp-json\/wp\/v2\/product_tag?post=19419"},{"taxonomy":"item","embeddable":true,"href":"https:\/\/mgvpublications.com\/de\/wp-json\/wp\/v2\/item?post=19419"}],"curies":[{"name":"wp","href":"https:\/\/api.w.org\/{rel}","templated":true}]}}