{"id":19417,"date":"2021-05-08T15:25:44","date_gmt":"2021-05-08T13:25:44","guid":{"rendered":"https:\/\/mgvpublications.com\/produkt\/karantina-besinci-perde\/"},"modified":"2022-03-08T22:53:55","modified_gmt":"2022-03-08T21:53:55","slug":"karantina-besinci-perde","status":"publish","type":"product","link":"https:\/\/mgvpublications.com\/de\/karantina-besinci-perde\/","title":{"rendered":"Karantina &#8211; Be\u015finci Perde"},"content":{"rendered":"<p>Yay\u0131n Tarihi: 27.11.2020<br \/>ISBN: 9786057611918<br \/>Dil: T\u00dcRK\u00c7E<br \/>Sayfa Say\u0131s\u0131: 336<br \/>Cilt Tipi: Karton Kapak<br \/>Ka\u011f\u0131t Cinsi: Kitap Ka\u011f\u0131d\u0131<br \/>Boyut: 13.5 x 21 cm<\/p>","protected":false},"excerpt":{"rendered":"<p>&#8220;Mesele hi\u00e7bir zaman karantinadan kurtulmak degildi. Mesele karantinay\u0131 sevmekti.&#8221; Duvarlar\u0131n y\u00fck\u00fc h\u00e2l\u00e2 \u00fczerimizde ve Karantina h\u00e2l\u00e2 bir ad\u0131m arkam\u0131zda&#8230; Belki de kabullenmemiz gereken bir \u015fey vard\u0131 bu hayatta. Karantina hayat\u0131n ta kendisiymi\u015f; i\u00e7inden \u00e7\u0131kmak de\u011fil, i\u00e7inde ya\u015famay\u0131 \u00f6\u011frenmek gerekirmi\u015f. \u00d6yleyse soruyorum sana: Haz\u0131r m\u0131s\u0131n? Sana bu zamana kadar hep o karantinadan nas\u0131l kurtuldu\u011fumuzu anlatt\u0131m, art\u0131k o karantinaya nas\u0131l d\u00f6nd\u00fc\u011f\u00fcm\u00fcz\u00fc anlatman\u0131n vakti geldi. Haz\u0131rsan ba\u015flayal\u0131m. Ben Zeynep. Zeynep Akay. Mah\u015ferin \u00dc\u00e7 Atl\u0131s\u0131na d\u00f6rd\u00fcnc\u00fc olmaya geldim\u2026 Ve oldum. Mah\u015ferin D\u00f6rt Atl\u0131s\u0131 hep ya\u015fayacak ve Karantina ruhu asla bitmeyecek. Bu bir son de\u011fil; hepimiz i\u00e7in bir ba\u015flang\u0131\u00e7. Unutma, biz her zaman seninleyiz. G\u00f6zlerini kapatt\u0131\u011f\u0131n her an bizi g\u00f6rebilirsin. Peki, h\u00e2l\u00e2 bizimle misin? Karantina Be\u015finci Perde\u2019de Zeynep, Onur, Burak ve Mert\u2019le yan yana, son bir defa daha sava\u015fmaya haz\u0131r m\u0131s\u0131n\u0131z? \u00d6yleyse ba\u015flayal\u0131m. Kendi karantinan\u0131z\u0131 bulman\u0131z, onu kabullenip sevmeniz dile\u011fiyle\u2026<\/p>","protected":false},"featured_media":19416,"template":"","meta":{"spay_email":""},"product_cat":[168],"product_tag":[],"item":[509],"acf":[],"_links":{"self":[{"href":"https:\/\/mgvpublications.com\/de\/wp-json\/wp\/v2\/product\/19417"}],"collection":[{"href":"https:\/\/mgvpublications.com\/de\/wp-json\/wp\/v2\/product"}],"about":[{"href":"https:\/\/mgvpublications.com\/de\/wp-json\/wp\/v2\/types\/product"}],"wp:featuredmedia":[{"embeddable":true,"href":"https:\/\/mgvpublications.com\/de\/wp-json\/wp\/v2\/media\/19416"}],"wp:attachment":[{"href":"https:\/\/mgvpublications.com\/de\/wp-json\/wp\/v2\/media?parent=19417"}],"wp:term":[{"taxonomy":"product_cat","embeddable":true,"href":"https:\/\/mgvpublications.com\/de\/wp-json\/wp\/v2\/product_cat?post=19417"},{"taxonomy":"product_tag","embeddable":true,"href":"https:\/\/mgvpublications.com\/de\/wp-json\/wp\/v2\/product_tag?post=19417"},{"taxonomy":"item","embeddable":true,"href":"https:\/\/mgvpublications.com\/de\/wp-json\/wp\/v2\/item?post=19417"}],"curies":[{"name":"wp","href":"https:\/\/api.w.org\/{rel}","templated":true}]}}