{"id":19415,"date":"2021-05-08T15:25:43","date_gmt":"2021-05-08T13:25:43","guid":{"rendered":"https:\/\/mgvpublications.com\/produkt\/mimar-sinan-mimarideki-osmanli-muhru\/"},"modified":"2022-06-29T11:39:27","modified_gmt":"2022-06-29T09:39:27","slug":"mimar-sinan-mimarideki-osmanli-muhru","status":"publish","type":"product","link":"https:\/\/mgvpublications.com\/de\/mimar-sinan-mimarideki-osmanli-muhru\/","title":{"rendered":"Mimar Sinan Mimarideki Osmanl\u0131 M\u00fchr\u00fc"},"content":{"rendered":"<p>Yay\u0131n Tarihi: 20.04.2021<br \/>ISBN: 9786055143879<br \/>Dil: T\u00dcRK\u00c7E<br \/>Sayfa Say\u0131s\u0131: 208<br \/>Cilt Tipi: Karton Kapak<br \/>Ka\u011f\u0131t Cinsi: Kitap Ka\u011f\u0131d\u0131<br \/>Boyut: 13.5 x 21 cm<\/p>","protected":false},"excerpt":{"rendered":"<p>Sinan camileri b\u00f6ylesine bir b\u00fct\u00fcnsellik i\u00e7erir: Mermeri sanatla, sanat\u0131 hayatla bulu\u015fturur. Daha avluda \u015fa\u015f\u0131r\u0131p b\u00fcy\u00fclenmeye ba\u015flars\u0131n\u0131z. O \u015fa\u015fk\u0131nl\u0131k ve hayranl\u0131k deminde, kap\u0131ya ve pencerelere bak\u0131n: Pencerelerle duvarlar\u0131n b\u00fcy\u00fcleyici uyumunu, k\u00fcndek\u00e2r\u0131 kap\u0131n\u0131n kubbelere y\u00fckseli\u015fini, kudret eliyle serpi\u015ftirilmi\u015f hissini veren \u201c\u00e7il \u00e7il kubbe\u201dlerin yer yer minarele\u015fip g\u00f6z\u00fc hi\u00e7 rahats\u0131z etmeden sonsuzlu\u011fa ula\u015f\u0131m\u0131n\u0131 seyredin\u2026 Sonra, Yahya Kemal\u2019in \u015fiirinin i\u00e7ine girer gibi, camiye girin, k\u00fcrs\u00fcn\u00fcn mihrapla, mihrab\u0131n minberle, hem birbirinden bu kadar farkl\u0131 ve ba\u011f\u0131ms\u0131z, hem birbirine bu kadar yak\u0131n, b\u00f6ylesine derin ve huzurlu bir i\u00e7 i\u00e7eli\u011fin nas\u0131l sa\u011fland\u0131\u011f\u0131n\u0131 d\u00fc\u015f\u00fcn\u00fcn\u2026 Kubbelerdeki sadelikle duvarlardaki renk c\u00fcmb\u00fc\u015f\u00fcn\u00fcn z\u0131t gibi duran karakterlerinde Sinan\u2019\u0131n ruh halini \u00e7\u00f6zmeye \u00e7al\u0131\u015f\u0131n: \u0130mk\u00e2ns\u0131za \u00e2\u015f\u0131k olan deh\u00e2, her eserinde \u201cimk\u00e2ns\u0131z\u201d\u0131 denemi\u015f ve ger\u00e7ek hayatta yapamad\u0131\u011f\u0131n\u0131 yap\u0131p \u201cz\u0131tlar\u0131n estetik uyumu\u201dnu yakalam\u0131\u015ft\u0131r! \u201cVe minel a\u015fk!\u201d Unutmay\u0131n: Sanat, \u201csonsuz\u201dun ve \u201ca\u015fk\u201d\u0131n ad\u0131d\u0131r.<\/p>","protected":false},"featured_media":20290,"template":"","meta":{"spay_email":""},"product_cat":[170],"product_tag":[],"item":[1385],"acf":[],"_links":{"self":[{"href":"https:\/\/mgvpublications.com\/de\/wp-json\/wp\/v2\/product\/19415"}],"collection":[{"href":"https:\/\/mgvpublications.com\/de\/wp-json\/wp\/v2\/product"}],"about":[{"href":"https:\/\/mgvpublications.com\/de\/wp-json\/wp\/v2\/types\/product"}],"wp:featuredmedia":[{"embeddable":true,"href":"https:\/\/mgvpublications.com\/de\/wp-json\/wp\/v2\/media\/20290"}],"wp:attachment":[{"href":"https:\/\/mgvpublications.com\/de\/wp-json\/wp\/v2\/media?parent=19415"}],"wp:term":[{"taxonomy":"product_cat","embeddable":true,"href":"https:\/\/mgvpublications.com\/de\/wp-json\/wp\/v2\/product_cat?post=19415"},{"taxonomy":"product_tag","embeddable":true,"href":"https:\/\/mgvpublications.com\/de\/wp-json\/wp\/v2\/product_tag?post=19415"},{"taxonomy":"item","embeddable":true,"href":"https:\/\/mgvpublications.com\/de\/wp-json\/wp\/v2\/item?post=19415"}],"curies":[{"name":"wp","href":"https:\/\/api.w.org\/{rel}","templated":true}]}}