{"id":19403,"date":"2021-05-08T15:25:37","date_gmt":"2021-05-08T13:25:37","guid":{"rendered":"https:\/\/mgvpublications.com\/produkt\/insan-halleri\/"},"modified":"2022-03-08T22:53:51","modified_gmt":"2022-03-08T21:53:51","slug":"insan-halleri","status":"publish","type":"product","link":"https:\/\/mgvpublications.com\/de\/insan-halleri\/","title":{"rendered":"\u0130nsan Halleri"},"content":{"rendered":"<p>Yay\u0131n Tarihi: 11.02.2019<br \/>ISBN: 9789753898027<br \/>Dil: T\u00dcRK\u00c7E<br \/>Sayfa Say\u0131s\u0131: 233<br \/>Cilt Tipi: Karton Kapak<br \/>Ka\u011f\u0131t Cinsi: Kitap Ka\u011f\u0131d\u0131<br \/>Boyut: 13.5 x 21 cm<\/p>","protected":false},"excerpt":{"rendered":"<p>\u0130nsan halleri kitab\u0131 Diyanet TV de ayn\u0131 adla yay\u0131mlanan programda ger\u00e7ekle\u015fen diyaloglar\u0131n de\u015fifresi ile olu\u015fmu\u015ftur. Kitapta de\u011finilen konular pozitif psikoloji yakla\u015f\u0131m\u0131yla ele al\u0131nm\u0131\u015ft\u0131r. Mutluluk, merhamet, sab\u0131r, g\u00fcven, \u00fcmit, cesaret, sahicilik, \u015f\u00fck\u00fcr, tevazu, di\u011ferk\u00e2ml\u0131k, c\u00f6mertlik ve iyimserlik kavramlar\u0131 etraf\u0131nda yap\u0131lan i\u00e7ten ve derinlikli sohbete kitab\u0131 okurken sizde kat\u0131lacaks\u0131n\u0131z.<\/p>","protected":false},"featured_media":19402,"template":"","meta":{"spay_email":""},"product_cat":[175],"product_tag":[],"item":[1153],"acf":[],"_links":{"self":[{"href":"https:\/\/mgvpublications.com\/de\/wp-json\/wp\/v2\/product\/19403"}],"collection":[{"href":"https:\/\/mgvpublications.com\/de\/wp-json\/wp\/v2\/product"}],"about":[{"href":"https:\/\/mgvpublications.com\/de\/wp-json\/wp\/v2\/types\/product"}],"wp:featuredmedia":[{"embeddable":true,"href":"https:\/\/mgvpublications.com\/de\/wp-json\/wp\/v2\/media\/19402"}],"wp:attachment":[{"href":"https:\/\/mgvpublications.com\/de\/wp-json\/wp\/v2\/media?parent=19403"}],"wp:term":[{"taxonomy":"product_cat","embeddable":true,"href":"https:\/\/mgvpublications.com\/de\/wp-json\/wp\/v2\/product_cat?post=19403"},{"taxonomy":"product_tag","embeddable":true,"href":"https:\/\/mgvpublications.com\/de\/wp-json\/wp\/v2\/product_tag?post=19403"},{"taxonomy":"item","embeddable":true,"href":"https:\/\/mgvpublications.com\/de\/wp-json\/wp\/v2\/item?post=19403"}],"curies":[{"name":"wp","href":"https:\/\/api.w.org\/{rel}","templated":true}]}}