{"id":19401,"date":"2021-05-08T15:25:37","date_gmt":"2021-05-08T13:25:37","guid":{"rendered":"https:\/\/mgvpublications.com\/produkt\/ask-ile-ani-seyretmek-gonul-sadasindan-akisler-2\/"},"modified":"2022-03-26T18:37:22","modified_gmt":"2022-03-26T17:37:22","slug":"ask-ile-ani-seyretmek-gonul-sadasindan-akisler-2","status":"publish","type":"product","link":"https:\/\/mgvpublications.com\/de\/ask-ile-ani-seyretmek-gonul-sadasindan-akisler-2\/","title":{"rendered":"A\u015fk ile An\u0131 Seyretmek \/ G\u00f6n\u00fcl Sadas\u0131\u2019ndan Akisler 2"},"content":{"rendered":"<p>Yay\u0131n Tarihi: 08.05.2020<br \/>ISBN: 9786057717665<br \/>Dil: T\u00dcRK\u00c7E<br \/>Sayfa Say\u0131s\u0131: 254<br \/>Cilt Tipi: Karton Kapak<br \/>Ka\u011f\u0131t Cinsi: Kitap Ka\u011f\u0131d\u0131<br \/>Boyut: 13.5 x 19.5 cm<\/p>","protected":false},"excerpt":{"rendered":"<p>Evden ayr\u0131lal\u0131 bir hayli vakit ge\u00e7ti, geriye d\u00f6nmek i\u00e7in \u00e7ok mu ge\u00e7 oldu? D\u00f6nmeye niyet etsek acaba yolu bulabilecek miyiz? \u201cSakin, m\u00fctevekkil ve munis bir inanm\u0131\u015fl\u0131\u011f\u0131n insan y\u00fcre\u011fini geni\u015fletti\u011fi bir ya\u015fay\u0131\u015f ve d\u00fc\u015f\u00fcn\u00fc\u015f tarz\u0131 bu m\u00fcbarek topraklarda, ne zaman kay\u0131p gidecek olsak elimizden tutuyor. O y\u00fczden, \u2018Bizi bize b\u0131rakma,\u2019 diye niyaz ediyoruz, \u2018Ne olur, tut demeden, tut elimizi.\u2019 Bu sohbetlerde, kaybetti\u011fimiz bir \u00e2lemi bug\u00fcne ekleyen hat\u0131ralar\u0131n kutsi saati var.\u201d Sadettin \u00d6kten ve Kemal Sayar\u2019\u0131n \u015fiirin kanatlar\u0131na tutunarak ger\u00e7ekle\u015ftirdikleri uzun soluklu sohbetlerinin ikinci cildi olan A\u015fk ile \u00c2n\u0131 Seyretmek, bizleri bir kez daha sevginin, sayg\u0131n\u0131n ve bilgeli\u011fin e\u015flik etti\u011fi bir yolculu\u011fa \u00e7\u0131kar\u0131yor. Hem de tam koronavir\u00fcs salg\u0131n\u0131n\u0131n d\u00fcnyay\u0131, insandaki manas\u0131z b\u00fcy\u00fcklenmeyi hizaya \u00e7ekti\u011fi, radikal bir belirsizli\u011fin ruhlar\u0131 yayg\u0131n bir endi\u015feye d\u00fc\u00e7ar etti\u011fi g\u00fcnlerde\u2026 Bug\u00fcn bizim i\u00e7in neyin de\u011ferli oldu\u011funu anlama zaman\u0131\u2026 A\u015fk ile \u00c2n\u0131 Seyretmek hi\u00e7 bu kadar anlaml\u0131 olmam\u0131\u015ft\u0131!<\/p>","protected":false},"featured_media":19400,"template":"","meta":{"spay_email":""},"product_cat":[1588],"product_tag":[],"item":[716],"acf":[],"_links":{"self":[{"href":"https:\/\/mgvpublications.com\/de\/wp-json\/wp\/v2\/product\/19401"}],"collection":[{"href":"https:\/\/mgvpublications.com\/de\/wp-json\/wp\/v2\/product"}],"about":[{"href":"https:\/\/mgvpublications.com\/de\/wp-json\/wp\/v2\/types\/product"}],"wp:featuredmedia":[{"embeddable":true,"href":"https:\/\/mgvpublications.com\/de\/wp-json\/wp\/v2\/media\/19400"}],"wp:attachment":[{"href":"https:\/\/mgvpublications.com\/de\/wp-json\/wp\/v2\/media?parent=19401"}],"wp:term":[{"taxonomy":"product_cat","embeddable":true,"href":"https:\/\/mgvpublications.com\/de\/wp-json\/wp\/v2\/product_cat?post=19401"},{"taxonomy":"product_tag","embeddable":true,"href":"https:\/\/mgvpublications.com\/de\/wp-json\/wp\/v2\/product_tag?post=19401"},{"taxonomy":"item","embeddable":true,"href":"https:\/\/mgvpublications.com\/de\/wp-json\/wp\/v2\/item?post=19401"}],"curies":[{"name":"wp","href":"https:\/\/api.w.org\/{rel}","templated":true}]}}