{"id":19399,"date":"2021-05-08T15:25:37","date_gmt":"2021-05-08T13:25:37","guid":{"rendered":"https:\/\/mgvpublications.com\/produkt\/psikolojiye-giris\/"},"modified":"2022-03-08T22:53:50","modified_gmt":"2022-03-08T21:53:50","slug":"psikolojiye-giris","status":"publish","type":"product","link":"https:\/\/mgvpublications.com\/de\/psikolojiye-giris\/","title":{"rendered":"Psikolojiye Giri\u015f"},"content":{"rendered":"<p>Yay\u0131n Tarihi: 22.10.2020<br \/>ISBN: 9786054036042<br \/>Dil: T\u00dcRK\u00c7E<br \/>Sayfa Say\u0131s\u0131: 176<br \/>Cilt Tipi: Karton Kapak<br \/>Ka\u011f\u0131t Cinsi: Kitap Ka\u011f\u0131d\u0131<br \/>Boyut: 12 x 19.5 cm<\/p>","protected":false},"excerpt":{"rendered":"<p>Latincedeki Psyche (ruh) ve logos (bilgi) kelimelerinin bile\u015fiminden olu\u015fan psikoloji, kelime anlam\u0131 olarak ruh bilimi demektir. Buradaki ruhtan kas\u0131t felsefedeki veya dindeki ruhla ilgili konular de\u011fil, insan\u0131n alg\u0131, d\u00fc\u015f\u00fcnce, zek\u00e2, duygu, davran\u0131\u015f gibi tamam\u0131 zihin veya beyinin i\u015flevlerinden kaynaklanan s\u00fcre\u00e7lerdir. Tarihi s\u00fcreci i\u00e7erisinde psikoloji \u00e7ok farkl\u0131 \u015fekillerde tan\u0131mlanm\u0131\u015ft\u0131r. Bu tan\u0131mlamalardan kimisi psikolojiyi konu olarak sadece zihinle kimisi de g\u00f6zlenebilen davran\u0131\u015flarla s\u0131n\u0131rland\u0131rm\u0131\u015ft\u0131r.<\/p>","protected":false},"featured_media":19398,"template":"","meta":{"spay_email":""},"product_cat":[175],"product_tag":[],"item":[1346],"acf":[],"_links":{"self":[{"href":"https:\/\/mgvpublications.com\/de\/wp-json\/wp\/v2\/product\/19399"}],"collection":[{"href":"https:\/\/mgvpublications.com\/de\/wp-json\/wp\/v2\/product"}],"about":[{"href":"https:\/\/mgvpublications.com\/de\/wp-json\/wp\/v2\/types\/product"}],"wp:featuredmedia":[{"embeddable":true,"href":"https:\/\/mgvpublications.com\/de\/wp-json\/wp\/v2\/media\/19398"}],"wp:attachment":[{"href":"https:\/\/mgvpublications.com\/de\/wp-json\/wp\/v2\/media?parent=19399"}],"wp:term":[{"taxonomy":"product_cat","embeddable":true,"href":"https:\/\/mgvpublications.com\/de\/wp-json\/wp\/v2\/product_cat?post=19399"},{"taxonomy":"product_tag","embeddable":true,"href":"https:\/\/mgvpublications.com\/de\/wp-json\/wp\/v2\/product_tag?post=19399"},{"taxonomy":"item","embeddable":true,"href":"https:\/\/mgvpublications.com\/de\/wp-json\/wp\/v2\/item?post=19399"}],"curies":[{"name":"wp","href":"https:\/\/api.w.org\/{rel}","templated":true}]}}