{"id":19395,"date":"2021-05-08T15:25:35","date_gmt":"2021-05-08T13:25:35","guid":{"rendered":"https:\/\/mgvpublications.com\/produkt\/parayi-ogreniyorum-kral-sakir-ilk-okuma-kitabi-19\/"},"modified":"2022-03-08T22:53:50","modified_gmt":"2022-03-08T21:53:50","slug":"parayi-ogreniyorum-kral-sakir-ilk-okuma-kitabi-19","status":"publish","type":"product","link":"https:\/\/mgvpublications.com\/de\/parayi-ogreniyorum-kral-sakir-ilk-okuma-kitabi-19\/","title":{"rendered":"Paray\u0131 \u00d6\u011freniyorum \/ Kral \u015eakir \u0130lk Okuma Kitab\u0131 19"},"content":{"rendered":"<p>Yay\u0131n Tarihi: 15.02.2021<br \/>ISBN: 9786257124775<br \/>Dil: T\u00dcRK\u00c7E<br \/>Sayfa Say\u0131s\u0131: 32<br \/>Cilt Tipi: Karton Kapak<br \/>Ka\u011f\u0131t Cinsi: Ku\u015fe Ka\u011f\u0131t<br \/>Boyut: 22 x 22 cm<\/p>","protected":false},"excerpt":{"rendered":"<p>Selam arkada\u015flar ben \u015eakir, herkesin bildi\u011fi \u015fekilde Kral \u015eakir! Ben ve benim \u00e7\u0131lg\u0131n ailem bu sefer de ilk okuma kitaplar\u0131yla maceradan maceraya ko\u015fuyoruz. U\u00e7an kaykaylar, halay \u00e7eken robotlar, k\u00fcp \u015feklinde balonlar\u2026 Evet, do\u011fru tahmin ettiniz oyuncak\u00e7\u0131day\u0131z. Fil Necati A\u011fabey oyuncak bir karpuzu almak i\u00e7in paras\u0131n\u0131n kalmad\u0131\u011f\u0131n\u0131 fark edince \u00e7ok \u00fcz\u00fcld\u00fc. Oyuncak\u00e7\u0131 Beren\u2019in bizi dev bir kasan\u0131n kap\u0131s\u0131ndan ge\u00e7irmesiyle yeni hik\u00e2yemiz ba\u015flam\u0131\u015f oldu. Bakal\u0131m Fil Necati A\u011fabey paras\u0131n\u0131n do\u011fru kullanmay\u0131 \u00f6\u011frenebilecek mi?<\/p>","protected":false},"featured_media":19394,"template":"","meta":{"spay_email":""},"product_cat":[172],"product_tag":[],"item":[1268],"acf":[],"_links":{"self":[{"href":"https:\/\/mgvpublications.com\/de\/wp-json\/wp\/v2\/product\/19395"}],"collection":[{"href":"https:\/\/mgvpublications.com\/de\/wp-json\/wp\/v2\/product"}],"about":[{"href":"https:\/\/mgvpublications.com\/de\/wp-json\/wp\/v2\/types\/product"}],"wp:featuredmedia":[{"embeddable":true,"href":"https:\/\/mgvpublications.com\/de\/wp-json\/wp\/v2\/media\/19394"}],"wp:attachment":[{"href":"https:\/\/mgvpublications.com\/de\/wp-json\/wp\/v2\/media?parent=19395"}],"wp:term":[{"taxonomy":"product_cat","embeddable":true,"href":"https:\/\/mgvpublications.com\/de\/wp-json\/wp\/v2\/product_cat?post=19395"},{"taxonomy":"product_tag","embeddable":true,"href":"https:\/\/mgvpublications.com\/de\/wp-json\/wp\/v2\/product_tag?post=19395"},{"taxonomy":"item","embeddable":true,"href":"https:\/\/mgvpublications.com\/de\/wp-json\/wp\/v2\/item?post=19395"}],"curies":[{"name":"wp","href":"https:\/\/api.w.org\/{rel}","templated":true}]}}