{"id":19385,"date":"2021-05-08T15:25:31","date_gmt":"2021-05-08T13:25:31","guid":{"rendered":"https:\/\/mgvpublications.com\/produkt\/dinozor-zamani-kral-sakir-ilk-okuma-kitabi-12\/"},"modified":"2022-03-08T22:53:48","modified_gmt":"2022-03-08T21:53:48","slug":"dinozor-zamani-kral-sakir-ilk-okuma-kitabi-12","status":"publish","type":"product","link":"https:\/\/mgvpublications.com\/de\/dinozor-zamani-kral-sakir-ilk-okuma-kitabi-12\/","title":{"rendered":"Dinozor Zaman\u0131 \/ Kral \u015eakir \u0130lk Okuma Kitab\u0131 12"},"content":{"rendered":"<p>Yay\u0131n Tarihi: 15.02.2021<br \/>ISBN: 9786257124706<br \/>Dil: T\u00dcRK\u00c7E<br \/>Sayfa Say\u0131s\u0131: 32<br \/>Cilt Tipi: Karton Kapak<br \/>Ka\u011f\u0131t Cinsi: Kitap Ka\u011f\u0131d\u0131<br \/>Boyut: 22 x 22 cm<\/p>","protected":false},"excerpt":{"rendered":"<p>Selam arkada\u015flar ben \u015eakir, herkesin bildi\u011fi \u015fekilde Kral \u015eakir! Ben ve benim \u00e7\u0131lg\u0131n ailem bu sefer de ilk okuma kitaplar\u0131yla maceradan maceraya ko\u015fuyoruz. Canan ve Fil Necati A\u011fabey\u2019le birlikte Profes\u00f6r Mirket\u2019in rehberli\u011finde dinozor m\u00fczesini geziyoruz. Profes\u00f6r Mirket\u2019in yan\u0131nda getirdi\u011fi cihaz sayesinde \u00e7ok heyecanl\u0131 bir yolculuk bizi bekliyor. Dinozorlarla tan\u0131\u015fmaya haz\u0131r m\u0131s\u0131n\u0131z?<\/p>","protected":false},"featured_media":19384,"template":"","meta":{"spay_email":""},"product_cat":[172],"product_tag":[],"item":[1268],"acf":[],"_links":{"self":[{"href":"https:\/\/mgvpublications.com\/de\/wp-json\/wp\/v2\/product\/19385"}],"collection":[{"href":"https:\/\/mgvpublications.com\/de\/wp-json\/wp\/v2\/product"}],"about":[{"href":"https:\/\/mgvpublications.com\/de\/wp-json\/wp\/v2\/types\/product"}],"wp:featuredmedia":[{"embeddable":true,"href":"https:\/\/mgvpublications.com\/de\/wp-json\/wp\/v2\/media\/19384"}],"wp:attachment":[{"href":"https:\/\/mgvpublications.com\/de\/wp-json\/wp\/v2\/media?parent=19385"}],"wp:term":[{"taxonomy":"product_cat","embeddable":true,"href":"https:\/\/mgvpublications.com\/de\/wp-json\/wp\/v2\/product_cat?post=19385"},{"taxonomy":"product_tag","embeddable":true,"href":"https:\/\/mgvpublications.com\/de\/wp-json\/wp\/v2\/product_tag?post=19385"},{"taxonomy":"item","embeddable":true,"href":"https:\/\/mgvpublications.com\/de\/wp-json\/wp\/v2\/item?post=19385"}],"curies":[{"name":"wp","href":"https:\/\/api.w.org\/{rel}","templated":true}]}}