{"id":19383,"date":"2021-05-08T15:25:30","date_gmt":"2021-05-08T13:25:30","guid":{"rendered":"https:\/\/mgvpublications.com\/produkt\/matematik-ve-penguenler-kral-sakir-ilk-okuma-kitabi-13\/"},"modified":"2022-03-08T22:53:48","modified_gmt":"2022-03-08T21:53:48","slug":"matematik-ve-penguenler-kral-sakir-ilk-okuma-kitabi-13","status":"publish","type":"product","link":"https:\/\/mgvpublications.com\/de\/matematik-ve-penguenler-kral-sakir-ilk-okuma-kitabi-13\/","title":{"rendered":"Matematik ve Penguenler \/ Kral \u015eakir \u0130lk Okuma Kitab\u0131 13"},"content":{"rendered":"<p>Yay\u0131n Tarihi: 15.02.2021<br \/>ISBN: 9786257124713<br \/>Dil: T\u00dcRK\u00c7E<br \/>Sayfa Say\u0131s\u0131: 32<br \/>Cilt Tipi: Karton Kapak<br \/>Ka\u011f\u0131t Cinsi: Ku\u015fe Ka\u011f\u0131t<br \/>Boyut: 22 x 22 cm<\/p>","protected":false},"excerpt":{"rendered":"<p>Selam arkada\u015flar ben \u015eakir, herkesin bildi\u011fi \u015fekilde Kral \u015eakir! Ben ve benim \u00e7\u0131lg\u0131n ailem bu sefer de ilk okuma kitaplar\u0131yla maceradan maceraya ko\u015fuyoruz. Fil Necati A\u011fabey\u2019in yard\u0131ma ihtiya\u00e7 duydu\u011fu bir konu var: Matematik. Her zaman oldu\u011fu gibi, matematik \u00f6\u011frenmeyi e\u011flenceli ve maceral\u0131 hale getirmek bizim i\u015fimiz. Hadi tutun elimden, tekneyle \u00e7\u0131kt\u0131\u011f\u0131m\u0131z turda penguenlerin de yard\u0131m\u0131yla matematik \u00f6\u011frenmeye gidiyoruz.<\/p>","protected":false},"featured_media":19382,"template":"","meta":{"spay_email":""},"product_cat":[172],"product_tag":[],"item":[1268],"acf":[],"_links":{"self":[{"href":"https:\/\/mgvpublications.com\/de\/wp-json\/wp\/v2\/product\/19383"}],"collection":[{"href":"https:\/\/mgvpublications.com\/de\/wp-json\/wp\/v2\/product"}],"about":[{"href":"https:\/\/mgvpublications.com\/de\/wp-json\/wp\/v2\/types\/product"}],"wp:featuredmedia":[{"embeddable":true,"href":"https:\/\/mgvpublications.com\/de\/wp-json\/wp\/v2\/media\/19382"}],"wp:attachment":[{"href":"https:\/\/mgvpublications.com\/de\/wp-json\/wp\/v2\/media?parent=19383"}],"wp:term":[{"taxonomy":"product_cat","embeddable":true,"href":"https:\/\/mgvpublications.com\/de\/wp-json\/wp\/v2\/product_cat?post=19383"},{"taxonomy":"product_tag","embeddable":true,"href":"https:\/\/mgvpublications.com\/de\/wp-json\/wp\/v2\/product_tag?post=19383"},{"taxonomy":"item","embeddable":true,"href":"https:\/\/mgvpublications.com\/de\/wp-json\/wp\/v2\/item?post=19383"}],"curies":[{"name":"wp","href":"https:\/\/api.w.org\/{rel}","templated":true}]}}