{"id":19381,"date":"2021-05-08T15:25:30","date_gmt":"2021-05-08T13:25:30","guid":{"rendered":"https:\/\/mgvpublications.com\/produkt\/gunes-kadin-kral-sakir-ilk-okuma-kitabi-14\/"},"modified":"2022-03-08T22:53:48","modified_gmt":"2022-03-08T21:53:48","slug":"gunes-kadin-kral-sakir-ilk-okuma-kitabi-14","status":"publish","type":"product","link":"https:\/\/mgvpublications.com\/de\/gunes-kadin-kral-sakir-ilk-okuma-kitabi-14\/","title":{"rendered":"G\u00fcne\u015f Kad\u0131n! \/ Kral \u015eakir \u0130lk Okuma Kitab\u0131 14"},"content":{"rendered":"<p>Yay\u0131n Tarihi: 15.02.2021<br \/>ISBN: 9786257124720<br \/>Dil: T\u00dcRK\u00c7E<br \/>Sayfa Say\u0131s\u0131: 32<br \/>Cilt Tipi: Karton Kapak<br \/>Ka\u011f\u0131t Cinsi: Ku\u015fe Ka\u011f\u0131t<br \/>Boyut: 22 x 22 cm<\/p>","protected":false},"excerpt":{"rendered":"<p>Selam arkada\u015flar ben \u015eakir, herkesin bildi\u011fi \u015fekilde Kral \u015eakir! Ben ve benim \u00e7\u0131lg\u0131n ailem bu sefer de ilk okuma kitaplar\u0131yla maceradan maceraya ko\u015fuyoruz. Fil Necati A\u011fabey bizi g\u00fcne\u015fli bir g\u00fcnde u\u00e7urtma u\u00e7urmaya g\u00f6t\u00fcr\u00fcyor; ama o da ne ya\u011fmur ya\u011fmaya ba\u015flad\u0131\u2026 Tam biz talihsizli\u011fimize \u00fcz\u00fcl\u00fcrken kar\u015f\u0131la\u015ft\u0131\u011f\u0131m\u0131z G\u00fcne\u015f Kad\u0131n bakal\u0131m bizi nas\u0131l bir ser\u00fcvenin i\u00e7ine s\u00fcr\u00fckleyecek.<\/p>","protected":false},"featured_media":19380,"template":"","meta":{"spay_email":""},"product_cat":[172],"product_tag":[],"item":[1268],"acf":[],"_links":{"self":[{"href":"https:\/\/mgvpublications.com\/de\/wp-json\/wp\/v2\/product\/19381"}],"collection":[{"href":"https:\/\/mgvpublications.com\/de\/wp-json\/wp\/v2\/product"}],"about":[{"href":"https:\/\/mgvpublications.com\/de\/wp-json\/wp\/v2\/types\/product"}],"wp:featuredmedia":[{"embeddable":true,"href":"https:\/\/mgvpublications.com\/de\/wp-json\/wp\/v2\/media\/19380"}],"wp:attachment":[{"href":"https:\/\/mgvpublications.com\/de\/wp-json\/wp\/v2\/media?parent=19381"}],"wp:term":[{"taxonomy":"product_cat","embeddable":true,"href":"https:\/\/mgvpublications.com\/de\/wp-json\/wp\/v2\/product_cat?post=19381"},{"taxonomy":"product_tag","embeddable":true,"href":"https:\/\/mgvpublications.com\/de\/wp-json\/wp\/v2\/product_tag?post=19381"},{"taxonomy":"item","embeddable":true,"href":"https:\/\/mgvpublications.com\/de\/wp-json\/wp\/v2\/item?post=19381"}],"curies":[{"name":"wp","href":"https:\/\/api.w.org\/{rel}","templated":true}]}}