{"id":19377,"date":"2021-05-08T15:25:29","date_gmt":"2021-05-08T13:25:29","guid":{"rendered":"https:\/\/mgvpublications.com\/produkt\/kankalar-takimi-kral-sakir-ilk-okuma-kitabi-15\/"},"modified":"2022-06-19T16:18:51","modified_gmt":"2022-06-19T14:18:51","slug":"kankalar-takimi-kral-sakir-ilk-okuma-kitabi-15","status":"publish","type":"product","link":"https:\/\/mgvpublications.com\/de\/kankalar-takimi-kral-sakir-ilk-okuma-kitabi-15\/","title":{"rendered":"Kankalar Tak\u0131m\u0131 \/ Kral \u015eakir \u0130lk Okuma Kitab\u0131 15"},"content":{"rendered":"<p>Yay\u0131n Tarihi: 15.02.2021<br \/>ISBN: 9786257124737<br \/>Dil: T\u00dcRK\u00c7E<br \/>Sayfa Say\u0131s\u0131: 32<br \/>Cilt Tipi: Karton Kapak<br \/>Ka\u011f\u0131t Cinsi: Ku\u015fe Ka\u011f\u0131t<br \/>Boyut: 22 x 22 cm<\/p>","protected":false},"excerpt":{"rendered":"<p>Selam arkada\u015flar ben \u015eakir, herkesin bildi\u011fi \u015fekilde Kral \u015eakir! Ben ve benim \u00e7\u0131lg\u0131n ailem bu sefer de ilk okuma kitaplar\u0131yla maceradan maceraya ko\u015fuyoruz. Kumpir ve Akbaba Cem\u015fit\u2019le okulun d\u00fczenledi\u011fi yar\u0131\u015fmada ayn\u0131 tak\u0131mday\u0131z. Tak\u0131m\u0131m\u0131z\u0131n ismi: Kankalar Tak\u0131m\u0131. G\u00f6revimiz ormana gizlenmi\u015f sand\u0131\u011f\u0131 bulmak, \u00f6d\u00fcl\u00fcm\u00fcz ise sand\u0131\u011f\u0131n i\u00e7indekilere sahip olmak. Kaybedecek vaktimiz yok hemen i\u015fe koyulmal\u0131y\u0131z, hadi ne duruyorsunuz aramaya ba\u015flayal\u0131m!<\/p>","protected":false},"featured_media":19376,"template":"","meta":{"spay_email":""},"product_cat":[172],"product_tag":[],"item":[1268],"acf":[],"_links":{"self":[{"href":"https:\/\/mgvpublications.com\/de\/wp-json\/wp\/v2\/product\/19377"}],"collection":[{"href":"https:\/\/mgvpublications.com\/de\/wp-json\/wp\/v2\/product"}],"about":[{"href":"https:\/\/mgvpublications.com\/de\/wp-json\/wp\/v2\/types\/product"}],"wp:featuredmedia":[{"embeddable":true,"href":"https:\/\/mgvpublications.com\/de\/wp-json\/wp\/v2\/media\/19376"}],"wp:attachment":[{"href":"https:\/\/mgvpublications.com\/de\/wp-json\/wp\/v2\/media?parent=19377"}],"wp:term":[{"taxonomy":"product_cat","embeddable":true,"href":"https:\/\/mgvpublications.com\/de\/wp-json\/wp\/v2\/product_cat?post=19377"},{"taxonomy":"product_tag","embeddable":true,"href":"https:\/\/mgvpublications.com\/de\/wp-json\/wp\/v2\/product_tag?post=19377"},{"taxonomy":"item","embeddable":true,"href":"https:\/\/mgvpublications.com\/de\/wp-json\/wp\/v2\/item?post=19377"}],"curies":[{"name":"wp","href":"https:\/\/api.w.org\/{rel}","templated":true}]}}