{"id":19373,"date":"2021-05-08T15:25:28","date_gmt":"2021-05-08T13:25:28","guid":{"rendered":"https:\/\/mgvpublications.com\/produkt\/melikenin-maceralari-6li-pedagojik-egitim-hikayeleri-seti\/"},"modified":"2022-03-08T22:53:47","modified_gmt":"2022-03-08T21:53:47","slug":"melikenin-maceralari-6li-pedagojik-egitim-hikayeleri-seti","status":"publish","type":"product","link":"https:\/\/mgvpublications.com\/de\/melikenin-maceralari-6li-pedagojik-egitim-hikayeleri-seti\/","title":{"rendered":"Melike\u2019nin Maceralar\u0131 6\u2019l\u0131 Pedagojik E\u011fitim Hikayeleri Seti"},"content":{"rendered":"<p>Yay\u0131n Tarihi: 05.05.2020<br \/>ISBN: 9786257909419<br \/>Dil: T\u00dcRK\u00c7E<br \/>Sayfa Say\u0131s\u0131: 96<br \/>Cilt Tipi: Karton Kapak<br \/>Ka\u011f\u0131t Cinsi: 1. Hm. Ka\u011f\u0131t<br \/>Boyut: 21.5 x 24.5 cm<\/p>","protected":false},"excerpt":{"rendered":"<p>Merhaba, Sana anlatacaklar\u0131m var. Melike \u00e7ok iyi kalpli bir \u00e7ocuk, ayn\u0131 senin gibi\u2026 Ama ara s\u0131ra ba\u015f\u0131 belaya girebiliyor, korkabiliyor ve di\u011fer \u00e7ocuklar gibi anne ve babas\u0131 ile aras\u0131 a\u00e7\u0131labiliyor, anla\u015fam\u0131yor. Ama her zaman anne ve babas\u0131 ile konu\u015farak, uygun bir \u00e7\u00f6z\u00fcm y\u00f6ntemi de bulabiliyor. Belki senin de b\u00f6yle ya\u015fad\u0131\u011f\u0131n sorunlar ve kendini k\u00f6t\u00fc hissetti\u011fin zamanlar vard\u0131r. Bu y\u00fczden Melike\u2019nin \u00f6yk\u00fclerini seninle payla\u015faca\u011f\u0131m. Beni ve bu kitaplar\u0131 sana okuyan\u0131 dikkatle dinle. Umar\u0131m sen de Melike gibi problemlerini anne ve babanla g\u00fczelce \u00e7\u00f6zersin. Seni seviyorum. \u00c7ok \u00f6pt\u00fcm. Hem anne babalara rehber niteli\u011finde hem de \u00e7ocuklara e\u011flendirerek \u00f6\u011freten duygu dolu bir pedagojik e\u011fitim hik\u00e2ye serisi&#8230; Melike\u2019nin Maceralar\u0131 6\u2019l\u0131 Pedagojik E\u011fitim Hik\u00e2yeleri Seti ile \u00e7ocuklar\u0131n\u0131z\u0131n zihinsel, dil, ahlak ve duygusal geli\u015fimine destek olurken, siz anne baba ve e\u011fitmenler de, \u00e7ocuklar\u0131n\u0131z ile her g\u00fcn ya\u015fanabilecek olan sorunlarda \u00e7ocuklar\u0131n duygular\u0131n\u0131 dikkate alarak, kabul ederek, empati kurarak ve ileti\u015fime ge\u00e7erek onlara rehberlik etmeyi veya sorunlu davran\u0131\u015flara s\u0131n\u0131r getirmeyi \u00f6\u011freneceksiniz.<\/p>","protected":false},"featured_media":22552,"template":"","meta":{"spay_email":""},"product_cat":[172],"product_tag":[],"item":[685],"acf":[],"_links":{"self":[{"href":"https:\/\/mgvpublications.com\/de\/wp-json\/wp\/v2\/product\/19373"}],"collection":[{"href":"https:\/\/mgvpublications.com\/de\/wp-json\/wp\/v2\/product"}],"about":[{"href":"https:\/\/mgvpublications.com\/de\/wp-json\/wp\/v2\/types\/product"}],"wp:featuredmedia":[{"embeddable":true,"href":"https:\/\/mgvpublications.com\/de\/wp-json\/wp\/v2\/media\/22552"}],"wp:attachment":[{"href":"https:\/\/mgvpublications.com\/de\/wp-json\/wp\/v2\/media?parent=19373"}],"wp:term":[{"taxonomy":"product_cat","embeddable":true,"href":"https:\/\/mgvpublications.com\/de\/wp-json\/wp\/v2\/product_cat?post=19373"},{"taxonomy":"product_tag","embeddable":true,"href":"https:\/\/mgvpublications.com\/de\/wp-json\/wp\/v2\/product_tag?post=19373"},{"taxonomy":"item","embeddable":true,"href":"https:\/\/mgvpublications.com\/de\/wp-json\/wp\/v2\/item?post=19373"}],"curies":[{"name":"wp","href":"https:\/\/api.w.org\/{rel}","templated":true}]}}