{"id":19367,"date":"2021-05-08T15:25:25","date_gmt":"2021-05-08T13:25:25","guid":{"rendered":"https:\/\/mgvpublications.com\/produkt\/yusuf-tuvalet-egitimi-aliyor-yusufun-maceralari-pedagojik-egitim-hikayeleri-seti-1\/"},"modified":"2022-03-08T22:53:47","modified_gmt":"2022-03-08T21:53:47","slug":"yusuf-tuvalet-egitimi-aliyor-yusufun-maceralari-pedagojik-egitim-hikayeleri-seti-1","status":"publish","type":"product","link":"https:\/\/mgvpublications.com\/de\/yusuf-tuvalet-egitimi-aliyor-yusufun-maceralari-pedagojik-egitim-hikayeleri-seti-1\/","title":{"rendered":"Yusuf Tuvalet E\u011fitimi Al\u0131yor \/ Yusuf\u2019un Maceralar\u0131 \/ Pedagojik E\u011fitim Hikayeleri Seti 1"},"content":{"rendered":"<p>Yay\u0131n Tarihi: 21.01.2021<br \/>ISBN: 9786052297919<br \/>Dil: T\u00dcRK\u00c7E<br \/>Sayfa Say\u0131s\u0131: 24<br \/>Cilt Tipi: Karton Kapak<br \/>Ka\u011f\u0131t Cinsi: Kitap Ka\u011f\u0131d\u0131<br \/>Boyut: 22 x 20.3 cm<br \/>\u00c7izer: Nida Yi\u011fitler \u00d6zer<\/p>","protected":false},"excerpt":{"rendered":"<p>Yusuf, tuvaletini yapmay\u0131 \u00f6\u011freniyor. \u00d6\u011frenirken neler ya\u015f\u0131yor? Haydi, Yusuf\u2019un maceralar\u0131n\u0131 okumaya ba\u015flayal\u0131m! Bakal\u0131m neler oluyor? Beni ve sana bu kitab\u0131 okuyan\u0131 dikkatle dinle. G\u00fczel okumalar! -Kumru<\/p>","protected":false},"featured_media":22551,"template":"","meta":{"spay_email":""},"product_cat":[172],"product_tag":[],"item":[1085],"acf":[],"_links":{"self":[{"href":"https:\/\/mgvpublications.com\/de\/wp-json\/wp\/v2\/product\/19367"}],"collection":[{"href":"https:\/\/mgvpublications.com\/de\/wp-json\/wp\/v2\/product"}],"about":[{"href":"https:\/\/mgvpublications.com\/de\/wp-json\/wp\/v2\/types\/product"}],"wp:featuredmedia":[{"embeddable":true,"href":"https:\/\/mgvpublications.com\/de\/wp-json\/wp\/v2\/media\/22551"}],"wp:attachment":[{"href":"https:\/\/mgvpublications.com\/de\/wp-json\/wp\/v2\/media?parent=19367"}],"wp:term":[{"taxonomy":"product_cat","embeddable":true,"href":"https:\/\/mgvpublications.com\/de\/wp-json\/wp\/v2\/product_cat?post=19367"},{"taxonomy":"product_tag","embeddable":true,"href":"https:\/\/mgvpublications.com\/de\/wp-json\/wp\/v2\/product_tag?post=19367"},{"taxonomy":"item","embeddable":true,"href":"https:\/\/mgvpublications.com\/de\/wp-json\/wp\/v2\/item?post=19367"}],"curies":[{"name":"wp","href":"https:\/\/api.w.org\/{rel}","templated":true}]}}