{"id":19361,"date":"2021-05-08T15:25:23","date_gmt":"2021-05-08T13:25:23","guid":{"rendered":"https:\/\/mgvpublications.com\/produkt\/buz-cetesi-1-tehlikeye-dur-de\/"},"modified":"2022-03-08T22:53:45","modified_gmt":"2022-03-08T21:53:45","slug":"buz-cetesi-1-tehlikeye-dur-de","status":"publish","type":"product","link":"https:\/\/mgvpublications.com\/de\/buz-cetesi-1-tehlikeye-dur-de\/","title":{"rendered":"Buz \u00c7etesi 1 \/ Tehlikeye Dur De!"},"content":{"rendered":"<p>Yay\u0131n Tarihi: 14.04.2021<br \/>ISBN: 9786058243279<br \/>Dil: T\u00dcRK\u00c7E<br \/>Sayfa Say\u0131s\u0131: 128<br \/>Cilt Tipi: Karton Kapak<br \/>Ka\u011f\u0131t Cinsi: Kitap Ka\u011f\u0131d\u0131<br \/>Boyut: 13.5 x 19.5 cm<\/p>","protected":false},"excerpt":{"rendered":"<p>Ahmet, Behi\u00e7, Ba\u015fak ve Hande d\u00f6rt iyi arkada\u015f. Normal \u015fekilde ba\u015flayan yaz tatili onlar i\u00e7in yeni bir ba\u015flang\u0131\u00e7 olacak. Peki, att\u0131klar\u0131 k\u00fc\u00e7\u00fck ad\u0131mlar onlar\u0131 nereye g\u00f6t\u00fcrecek? Bal\u0131k\u00e7\u0131y\u0131 hayrette b\u0131rakan olay ne? Yolunuzun \u00fcst\u00fcnde bir vah\u015fi kabileye rastlasan\u0131z ne yapars\u0131n\u0131z? Siz hi\u00e7 a\u011fa\u00e7ta sallanan meyve-\u00e7ocuk g\u00f6rd\u00fcn\u00fcz m\u00fc? Sihirbaz, kuyudan hangi s\u00fcrprizle \u00e7\u0131kacak? \u201cFikir babas\u0131\u201d duyduk da, \u201cfikir teyzesi\u201d de ne oluyor? Mahalleyi hangi olay aya\u011fa kald\u0131r\u0131yor? Acaba yery\u00fcz\u00fcnde de y\u0131ld\u0131z olur mu? K\u00fcre \u0131s\u0131n\u0131yor, peki ne yapmal\u0131y\u0131z? Kap\u0131daki tehlike i\u00e7in kollar\u0131 s\u0131vayan Buz \u00c7etesi sizi e\u011flenceli, samimi ve merak dolu bir ser\u00fcvene davet ediyor. Birlikte, \u201cTehlikeye Dur De\u201dmeye var m\u0131s\u0131n\u0131z?<\/p>","protected":false},"featured_media":20758,"template":"","meta":{"spay_email":""},"product_cat":[172],"product_tag":[],"item":[1085],"acf":[],"_links":{"self":[{"href":"https:\/\/mgvpublications.com\/de\/wp-json\/wp\/v2\/product\/19361"}],"collection":[{"href":"https:\/\/mgvpublications.com\/de\/wp-json\/wp\/v2\/product"}],"about":[{"href":"https:\/\/mgvpublications.com\/de\/wp-json\/wp\/v2\/types\/product"}],"wp:featuredmedia":[{"embeddable":true,"href":"https:\/\/mgvpublications.com\/de\/wp-json\/wp\/v2\/media\/20758"}],"wp:attachment":[{"href":"https:\/\/mgvpublications.com\/de\/wp-json\/wp\/v2\/media?parent=19361"}],"wp:term":[{"taxonomy":"product_cat","embeddable":true,"href":"https:\/\/mgvpublications.com\/de\/wp-json\/wp\/v2\/product_cat?post=19361"},{"taxonomy":"product_tag","embeddable":true,"href":"https:\/\/mgvpublications.com\/de\/wp-json\/wp\/v2\/product_tag?post=19361"},{"taxonomy":"item","embeddable":true,"href":"https:\/\/mgvpublications.com\/de\/wp-json\/wp\/v2\/item?post=19361"}],"curies":[{"name":"wp","href":"https:\/\/api.w.org\/{rel}","templated":true}]}}