{"id":19359,"date":"2021-05-08T15:25:23","date_gmt":"2021-05-08T13:25:23","guid":{"rendered":"https:\/\/mgvpublications.com\/produkt\/bir-insallah-masali\/"},"modified":"2022-03-08T22:53:45","modified_gmt":"2022-03-08T21:53:45","slug":"bir-insallah-masali","status":"publish","type":"product","link":"https:\/\/mgvpublications.com\/de\/bir-insallah-masali\/","title":{"rendered":"Bir \u0130n\u015fallah Masal\u0131"},"content":{"rendered":"<p>Yay\u0131n Tarihi: 26.09.2018<br \/>ISBN: 9786058243286<br \/>Dil: T\u00dcRK\u00c7E<br \/>Sayfa Say\u0131s\u0131: 127<br \/>Cilt Tipi: Karton Kapak<br \/>Ka\u011f\u0131t Cinsi: Kitap Ka\u011f\u0131d\u0131<br \/>Boyut: 13.5 x 19.5 cm<br \/>\u00c7izer: Yavuz Girgin<\/p>","protected":false},"excerpt":{"rendered":"<p>Sen de mi tuttu\u011funu koparanlardans\u0131n? Harika! Planla ve \u00e7abucak yap gitsin mi diyorsun? Hakl\u0131s\u0131n! Kim istemez hayallerine kestirme yollardan ula\u015fmay\u0131? Peki ya b\u00fct\u00fcn planlar\u0131m\u0131z daha b\u00fcy\u00fck bir plan\u0131n par\u00e7as\u0131ysa? Verdi\u011fimiz s\u00f6zleri, ald\u0131\u011f\u0131m\u0131z kararlar\u0131 bir muhaf\u0131z gibi bekleyen ve ger\u00e7ekle\u015fmesi i\u00e7in dua eden bir bek\u00e7iyle tan\u0131\u015fmak ister misiniz? Zeynep ve arkada\u015flar\u0131n\u0131n nefes kesen maceralar\u0131n\u0131 okurken s\u00f6zlerin bek\u00e7isiyle tan\u0131\u015facaks\u0131n\u0131z.<\/p>","protected":false},"featured_media":21873,"template":"","meta":{"spay_email":""},"product_cat":[172],"product_tag":[],"item":[1085],"acf":[],"_links":{"self":[{"href":"https:\/\/mgvpublications.com\/de\/wp-json\/wp\/v2\/product\/19359"}],"collection":[{"href":"https:\/\/mgvpublications.com\/de\/wp-json\/wp\/v2\/product"}],"about":[{"href":"https:\/\/mgvpublications.com\/de\/wp-json\/wp\/v2\/types\/product"}],"wp:featuredmedia":[{"embeddable":true,"href":"https:\/\/mgvpublications.com\/de\/wp-json\/wp\/v2\/media\/21873"}],"wp:attachment":[{"href":"https:\/\/mgvpublications.com\/de\/wp-json\/wp\/v2\/media?parent=19359"}],"wp:term":[{"taxonomy":"product_cat","embeddable":true,"href":"https:\/\/mgvpublications.com\/de\/wp-json\/wp\/v2\/product_cat?post=19359"},{"taxonomy":"product_tag","embeddable":true,"href":"https:\/\/mgvpublications.com\/de\/wp-json\/wp\/v2\/product_tag?post=19359"},{"taxonomy":"item","embeddable":true,"href":"https:\/\/mgvpublications.com\/de\/wp-json\/wp\/v2\/item?post=19359"}],"curies":[{"name":"wp","href":"https:\/\/api.w.org\/{rel}","templated":true}]}}