{"id":19349,"date":"2021-05-08T15:25:18","date_gmt":"2021-05-08T13:25:18","guid":{"rendered":"https:\/\/mgvpublications.com\/produkt\/rafadan-tayfa-kendini-onun-yerine-koy\/"},"modified":"2022-03-08T22:53:44","modified_gmt":"2022-03-08T21:53:44","slug":"rafadan-tayfa-kendini-onun-yerine-koy","status":"publish","type":"product","link":"https:\/\/mgvpublications.com\/de\/rafadan-tayfa-kendini-onun-yerine-koy\/","title":{"rendered":"Rafadan Tayfa \/ Kendini Onun Yerine Koy"},"content":{"rendered":"<p>Yay\u0131n Tarihi: 28.01.2021<br \/>ISBN: 9786052790397<br \/>Dil: T\u00dcRK\u00c7E<br \/>Sayfa Say\u0131s\u0131: 48<br \/>Cilt Tipi: Karton Kapak<br \/>Ka\u011f\u0131t Cinsi: Kitap Ka\u011f\u0131d\u0131<br \/>Boyut: 13.5 x 19.5 cm<br \/>Di\u011fer \u00d6zellik: 7  Ya\u015f<\/p>","protected":false},"excerpt":{"rendered":"<p>Bu mahallede her g\u00fcn yeni bir macerayla ge\u00e7iyor. Hayri, K\u00e2mil, Ak\u0131n, Mert, Sevim, Hale ve t\u00fcm mahalleli yepyeni hik\u00e2yelerle sizleri bekliyor! Be\u015f kitapl\u0131k yeni seride mahalle oyunlar\u0131ndan define av\u0131na kadar bir\u00e7ok maceraya at\u0131lan ekip, arkada\u015fl\u0131\u011f\u0131n \u00f6nemini, sa\u011fl\u0131kl\u0131 ya\u015fam\u0131n s\u0131rlar\u0131n\u0131 ya da farkl\u0131l\u0131klara sayg\u0131 duymay\u0131 \u00f6\u011frenirken sizi \u00e7ok g\u00fcld\u00fcrecek. Bizimkiler yine kamyonetin ba\u015f\u0131na toplanm\u0131\u015flard\u0131r. Hayri\u2019nin b\u00fcy\u00fck planlar\u0131 vard\u0131r: \u201cArkada\u015flar! Bug\u00fcnden itibaren antrenmanlara ba\u015flayaca\u011f\u0131z! T\u00fcrkiye se\u00e7melerine kat\u0131l\u0131yoruz!\u201d Fakat di\u011ferlerinin g\u00f6z\u00fc ba\u015fka bir yerdedir. Mahalleye yeni biri gelmi\u015ftir. Hem de dillerini bilmiyordur. Hayri\u2019nin yeni gelen \u00e7ocu\u011fa davran\u0131\u015flar\u0131 arkada\u015flar\u0131n\u0131 k\u0131zd\u0131r\u0131r ve ona iyi bir ders vermeye karar verirler. \u00d6yle bir plan yaparlar ki bu kez Hayri\u2019nin morali baklavayla bile yerine gelmez! Rafadan Tayfa, farkl\u0131l\u0131klara sayg\u0131 duymakla ilgili hem d\u00fc\u015f\u00fcnd\u00fcr\u00fcc\u00fc hem de e\u011flenceli bir hik\u00e2yeyle kar\u015f\u0131n\u0131zda!<\/p>","protected":false},"featured_media":19348,"template":"","meta":{"spay_email":""},"product_cat":[172],"product_tag":[],"item":[920],"acf":[],"_links":{"self":[{"href":"https:\/\/mgvpublications.com\/de\/wp-json\/wp\/v2\/product\/19349"}],"collection":[{"href":"https:\/\/mgvpublications.com\/de\/wp-json\/wp\/v2\/product"}],"about":[{"href":"https:\/\/mgvpublications.com\/de\/wp-json\/wp\/v2\/types\/product"}],"wp:featuredmedia":[{"embeddable":true,"href":"https:\/\/mgvpublications.com\/de\/wp-json\/wp\/v2\/media\/19348"}],"wp:attachment":[{"href":"https:\/\/mgvpublications.com\/de\/wp-json\/wp\/v2\/media?parent=19349"}],"wp:term":[{"taxonomy":"product_cat","embeddable":true,"href":"https:\/\/mgvpublications.com\/de\/wp-json\/wp\/v2\/product_cat?post=19349"},{"taxonomy":"product_tag","embeddable":true,"href":"https:\/\/mgvpublications.com\/de\/wp-json\/wp\/v2\/product_tag?post=19349"},{"taxonomy":"item","embeddable":true,"href":"https:\/\/mgvpublications.com\/de\/wp-json\/wp\/v2\/item?post=19349"}],"curies":[{"name":"wp","href":"https:\/\/api.w.org\/{rel}","templated":true}]}}