{"id":19347,"date":"2021-05-08T15:25:18","date_gmt":"2021-05-08T13:25:18","guid":{"rendered":"https:\/\/mgvpublications.com\/produkt\/rafadan-tayfa-vantrilok-kamil\/"},"modified":"2022-03-08T22:53:44","modified_gmt":"2022-03-08T21:53:44","slug":"rafadan-tayfa-vantrilok-kamil","status":"publish","type":"product","link":"https:\/\/mgvpublications.com\/de\/rafadan-tayfa-vantrilok-kamil\/","title":{"rendered":"Rafadan Tayfa &#8211; Vantrilok Kamil"},"content":{"rendered":"<p>Yay\u0131n Tarihi: 01.01.2020<br \/>ISBN: 9786053498858<br \/>Dil: T\u00dcRK\u00c7E<br \/>Sayfa Say\u0131s\u0131: 96<br \/>Cilt Tipi: Karton Kapak<br \/>Ka\u011f\u0131t Cinsi: Kitap Ka\u011f\u0131d\u0131<br \/>Boyut: 13.5 x 19.5 cm<br \/>Di\u011fer \u00d6zellik: 8  Ya\u015f<\/p>","protected":false},"excerpt":{"rendered":"<p>Her birinin huyu ba\u015fka, suyu ba\u015fka: en sevdikleri yemekler, oyunlar, hobileri&#8230; Buna kar\u015f\u0131n Rafadan Tayfa\u2019y\u0131 bir arada tutan g\u00fc\u00e7l\u00fc bir ba\u011f var. Ad\u0131na ister sevgi deyin, ister dostluk, karde\u015flik&#8230; Bir aradayken daha g\u00fc\u00e7l\u00fc ve daha mutlular. Arkada\u015ftan da \u00f6teler&#8230; TRT \u00c7ocuk ekranlar\u0131nda severek izledi\u011finiz Rafadan Tayfa, \u015fimdi de okuyucu ile bulu\u015fuyor. Hayri, K\u00e2mil, Ak\u0131n, Mert, Sevim, Hale ve t\u00fcm mahalleli, kendilerini daha yak\u0131ndan tan\u0131mak isteyen kitapseverleri bekliyor. Rafadan Tayfa\u2019n\u0131n sevilen maceralar\u0131, kitapl\u0131klar\u0131n\u0131z\u0131n ba\u015fk\u00f6\u015fesinde yerini almaya haz\u0131r. Hayri, Hale, Sevim, Ak\u0131n ve Mert, mahallelerindeki \u00c7ay\u0131rtepe\u2019de K\u00e2mil\u2019i beklerler. \u00c7\u00fcnk\u00fc K\u00e2mil, \u201cSize \u00e7ok ho\u015f bir s\u00fcrprizim var. Vantrilok K\u00e2mil birazdan d\u00f6necek.\u201d deyip gider. K\u00e2mil ger\u00e7ekten de beklenmedik bir misafirle \u00e7\u0131kagelir. Sonra neler mi olur? Hepsi bu kitapta&#8230;<\/p>","protected":false},"featured_media":19346,"template":"","meta":{"spay_email":""},"product_cat":[172],"product_tag":[],"item":[920],"acf":[],"_links":{"self":[{"href":"https:\/\/mgvpublications.com\/de\/wp-json\/wp\/v2\/product\/19347"}],"collection":[{"href":"https:\/\/mgvpublications.com\/de\/wp-json\/wp\/v2\/product"}],"about":[{"href":"https:\/\/mgvpublications.com\/de\/wp-json\/wp\/v2\/types\/product"}],"wp:featuredmedia":[{"embeddable":true,"href":"https:\/\/mgvpublications.com\/de\/wp-json\/wp\/v2\/media\/19346"}],"wp:attachment":[{"href":"https:\/\/mgvpublications.com\/de\/wp-json\/wp\/v2\/media?parent=19347"}],"wp:term":[{"taxonomy":"product_cat","embeddable":true,"href":"https:\/\/mgvpublications.com\/de\/wp-json\/wp\/v2\/product_cat?post=19347"},{"taxonomy":"product_tag","embeddable":true,"href":"https:\/\/mgvpublications.com\/de\/wp-json\/wp\/v2\/product_tag?post=19347"},{"taxonomy":"item","embeddable":true,"href":"https:\/\/mgvpublications.com\/de\/wp-json\/wp\/v2\/item?post=19347"}],"curies":[{"name":"wp","href":"https:\/\/api.w.org\/{rel}","templated":true}]}}