{"id":19345,"date":"2021-05-08T15:25:17","date_gmt":"2021-05-08T13:25:17","guid":{"rendered":"https:\/\/mgvpublications.com\/produkt\/osmanlida-astronominin-kurucusu-ali-kuscu\/"},"modified":"2022-03-08T22:53:42","modified_gmt":"2022-03-08T21:53:42","slug":"osmanlida-astronominin-kurucusu-ali-kuscu","status":"publish","type":"product","link":"https:\/\/mgvpublications.com\/de\/osmanlida-astronominin-kurucusu-ali-kuscu\/","title":{"rendered":"Osmanl\u0131\u2019da Astronominin Kurucusu : Ali Ku\u015f\u00e7u"},"content":{"rendered":"<p>Yay\u0131n Tarihi: 01.02.2020<br \/>ISBN: 9786052790786<br \/>Dil: T\u00dcRK\u00c7E<br \/>Sayfa Say\u0131s\u0131: 112<br \/>Cilt Tipi: Karton Kapak<br \/>Ka\u011f\u0131t Cinsi: Kitap Ka\u011f\u0131d\u0131<br \/>Boyut: 12.5 x 21 cm<br \/>Di\u011fer \u00d6zellik:  8<\/p>","protected":false},"excerpt":{"rendered":"<p>Ali, Ay\u2019\u0131n kuyudaki yans\u0131mas\u0131yla \u00e7ok k\u00fc\u00e7\u00fckken tan\u0131\u015ft\u0131. Ona seslendi \u201cArkada\u015f olal\u0131m m\u0131?\u201d Ay: \u201cOlur, ama benim dostlu\u011fuma giden yol \u00e7ok zahmetlidir.\u201d dedi. \u201cOlsun.\u201d dedi Ali. Ali gezegenimiz D\u00fcnya\u2019n\u0131n verdi\u011fi ipu\u00e7lar\u0131 yard\u0131m\u0131yla Ay\u2019a, G\u00fcne\u015f\u2019e ve y\u0131ld\u0131zlara giden yollar\u0131 ke\u015ffetmek i\u00e7in bir \u00f6m\u00fcr harcad\u0131. Bu yolculu\u011funda ona yol g\u00f6steren \u00f6\u011fretmenlerinin dizinin dibinde \u00e7ok \u00e7al\u0131\u015ft\u0131. Sonunda o da kendinden sonra gelen bilginlere yol g\u00f6steren bir y\u0131ld\u0131z oldu.<\/p>","protected":false},"featured_media":19344,"template":"","meta":{"spay_email":""},"product_cat":[232],"product_tag":[],"item":[920],"acf":[],"_links":{"self":[{"href":"https:\/\/mgvpublications.com\/de\/wp-json\/wp\/v2\/product\/19345"}],"collection":[{"href":"https:\/\/mgvpublications.com\/de\/wp-json\/wp\/v2\/product"}],"about":[{"href":"https:\/\/mgvpublications.com\/de\/wp-json\/wp\/v2\/types\/product"}],"wp:featuredmedia":[{"embeddable":true,"href":"https:\/\/mgvpublications.com\/de\/wp-json\/wp\/v2\/media\/19344"}],"wp:attachment":[{"href":"https:\/\/mgvpublications.com\/de\/wp-json\/wp\/v2\/media?parent=19345"}],"wp:term":[{"taxonomy":"product_cat","embeddable":true,"href":"https:\/\/mgvpublications.com\/de\/wp-json\/wp\/v2\/product_cat?post=19345"},{"taxonomy":"product_tag","embeddable":true,"href":"https:\/\/mgvpublications.com\/de\/wp-json\/wp\/v2\/product_tag?post=19345"},{"taxonomy":"item","embeddable":true,"href":"https:\/\/mgvpublications.com\/de\/wp-json\/wp\/v2\/item?post=19345"}],"curies":[{"name":"wp","href":"https:\/\/api.w.org\/{rel}","templated":true}]}}