{"id":19341,"date":"2021-05-08T15:25:17","date_gmt":"2021-05-08T13:25:17","guid":{"rendered":"https:\/\/mgvpublications.com\/produkt\/rafadan-tayfa-hafiyelik-pesinde\/"},"modified":"2022-03-08T22:53:42","modified_gmt":"2022-03-08T21:53:42","slug":"rafadan-tayfa-hafiyelik-pesinde","status":"publish","type":"product","link":"https:\/\/mgvpublications.com\/de\/rafadan-tayfa-hafiyelik-pesinde\/","title":{"rendered":"Rafadan Tayfa &#8211; Hafiyelik Pe\u015finde"},"content":{"rendered":"<p>Yay\u0131n Tarihi: 01.01.2020<br \/>ISBN: 9786053498872<br \/>Dil: T\u00dcRK\u00c7E<br \/>Sayfa Say\u0131s\u0131: 96<br \/>Cilt Tipi: Karton Kapak<br \/>Ka\u011f\u0131t Cinsi: Kitap Ka\u011f\u0131d\u0131<br \/>Boyut: 13.5 x 19.5 cm<br \/>Di\u011fer \u00d6zellik: 8  Ya\u015f<\/p>","protected":false},"excerpt":{"rendered":"<p>Her birinin huyu ba\u015fka, suyu ba\u015fka: en sevdikleri yemekler, oyunlar, hobileri&#8230; Buna kar\u015f\u0131n Rafadan Tayfa\u2019y\u0131 bir arada tutan g\u00fc\u00e7l\u00fc bir ba\u011f var. Ad\u0131na ister sevgi deyin, ister dostluk, karde\u015flik&#8230; Bir aradayken daha g\u00fc\u00e7l\u00fc ve daha mutlular. Arkada\u015ftan da \u00f6teler&#8230; TRT \u00c7ocuk ekranlar\u0131nda severek izledi\u011finiz Rafadan Tayfa, \u015fimdi de okuyucu ile bulu\u015fuyor. Hayri, K\u00e2mil, Ak\u0131n, Mert, Sevim, Hale ve t\u00fcm mahalleli, kendilerini daha yak\u0131ndan tan\u0131mak isteyen kitapseverleri bekliyor. Rafadan Tayfa\u2019n\u0131n sevilen maceralar\u0131, kitapl\u0131klar\u0131n\u0131z\u0131n ba\u015fk\u00f6\u015fesinde yerini almaya haz\u0131r. Mahallede bazen gizemli \u015feyler olur. Bunlar da hep Rafadan Tayfa\u2019y\u0131 bulur. C\u00fczdan kay\u0131psa hem c\u00fczdan\u0131 hem de sahibini onlar bulur. C\u00fczdan bulunur, Yumak kaybolur. Yumak bulunur bu sefer u\u00e7an daire n\u00f6beti tutulur. Rafadan Tayfa yine iz pe\u015finde\u2026<\/p>","protected":false},"featured_media":19340,"template":"","meta":{"spay_email":""},"product_cat":[172],"product_tag":[],"item":[920],"acf":[],"_links":{"self":[{"href":"https:\/\/mgvpublications.com\/de\/wp-json\/wp\/v2\/product\/19341"}],"collection":[{"href":"https:\/\/mgvpublications.com\/de\/wp-json\/wp\/v2\/product"}],"about":[{"href":"https:\/\/mgvpublications.com\/de\/wp-json\/wp\/v2\/types\/product"}],"wp:featuredmedia":[{"embeddable":true,"href":"https:\/\/mgvpublications.com\/de\/wp-json\/wp\/v2\/media\/19340"}],"wp:attachment":[{"href":"https:\/\/mgvpublications.com\/de\/wp-json\/wp\/v2\/media?parent=19341"}],"wp:term":[{"taxonomy":"product_cat","embeddable":true,"href":"https:\/\/mgvpublications.com\/de\/wp-json\/wp\/v2\/product_cat?post=19341"},{"taxonomy":"product_tag","embeddable":true,"href":"https:\/\/mgvpublications.com\/de\/wp-json\/wp\/v2\/product_tag?post=19341"},{"taxonomy":"item","embeddable":true,"href":"https:\/\/mgvpublications.com\/de\/wp-json\/wp\/v2\/item?post=19341"}],"curies":[{"name":"wp","href":"https:\/\/api.w.org\/{rel}","templated":true}]}}