{"id":19337,"date":"2021-05-08T15:25:16","date_gmt":"2021-05-08T13:25:16","guid":{"rendered":"https:\/\/mgvpublications.com\/produkt\/yildiz-tozu-gunumuz-cocuk-edebiyati-dizisi\/"},"modified":"2022-04-20T17:25:34","modified_gmt":"2022-04-20T15:25:34","slug":"yildiz-tozu-gunumuz-cocuk-edebiyati-dizisi","status":"publish","type":"product","link":"https:\/\/mgvpublications.com\/de\/yildiz-tozu-gunumuz-cocuk-edebiyati-dizisi\/","title":{"rendered":"Y\u0131ld\u0131z Tozu \/ G\u00fcn\u00fcm\u00fcz \u00c7ocuk Edebiyat\u0131 Dizisi"},"content":{"rendered":"<p>Yay\u0131n Tarihi: 01.04.2020<br \/>ISBN: 9789755014159<br \/>Dil: T\u00dcRK\u00c7E<br \/>Sayfa Say\u0131s\u0131: 64<br \/>Cilt Tipi: Karton Kapak<br \/>Ka\u011f\u0131t Cinsi: 1. Hm. Ka\u011f\u0131t<br \/>Boyut: 13.5 x 19.5 cm<br \/>Di\u011fer \u00d6zellik: 8-10 Ya\u015f<\/p>","protected":false},"excerpt":{"rendered":"<p>Aile ili\u015fkilerinin ve karde\u015flik ba\u011f\u0131n\u0131n \u00f6nemini anlatan bir kitap\u2026 Bir \u00e7ocu\u011fun mutlulu\u011funu ve hayallerini \u00f6nemseyecek, d\u00fcnyaya onun y\u00fcre\u011finden bakacaks\u0131n\u0131z.<\/p>","protected":false},"featured_media":19336,"template":"","meta":{"spay_email":""},"product_cat":[172],"product_tag":[],"item":[920],"acf":[],"_links":{"self":[{"href":"https:\/\/mgvpublications.com\/de\/wp-json\/wp\/v2\/product\/19337"}],"collection":[{"href":"https:\/\/mgvpublications.com\/de\/wp-json\/wp\/v2\/product"}],"about":[{"href":"https:\/\/mgvpublications.com\/de\/wp-json\/wp\/v2\/types\/product"}],"wp:featuredmedia":[{"embeddable":true,"href":"https:\/\/mgvpublications.com\/de\/wp-json\/wp\/v2\/media\/19336"}],"wp:attachment":[{"href":"https:\/\/mgvpublications.com\/de\/wp-json\/wp\/v2\/media?parent=19337"}],"wp:term":[{"taxonomy":"product_cat","embeddable":true,"href":"https:\/\/mgvpublications.com\/de\/wp-json\/wp\/v2\/product_cat?post=19337"},{"taxonomy":"product_tag","embeddable":true,"href":"https:\/\/mgvpublications.com\/de\/wp-json\/wp\/v2\/product_tag?post=19337"},{"taxonomy":"item","embeddable":true,"href":"https:\/\/mgvpublications.com\/de\/wp-json\/wp\/v2\/item?post=19337"}],"curies":[{"name":"wp","href":"https:\/\/api.w.org\/{rel}","templated":true}]}}