{"id":19335,"date":"2021-05-08T15:25:15","date_gmt":"2021-05-08T13:25:15","guid":{"rendered":"https:\/\/mgvpublications.com\/produkt\/minik-elif-anaokuluna-basliyor-ilk-okuma-kitabim\/"},"modified":"2022-04-08T06:25:41","modified_gmt":"2022-04-08T04:25:41","slug":"minik-elif-anaokuluna-basliyor-ilk-okuma-kitabim","status":"publish","type":"product","link":"https:\/\/mgvpublications.com\/de\/minik-elif-anaokuluna-basliyor-ilk-okuma-kitabim\/","title":{"rendered":"Minik Elif Anaokuluna Ba\u015fl\u0131yor \/ \u0130lk Okuma Kitab\u0131m"},"content":{"rendered":"<p>\u00c7evirmen: Aylin Gergin<br \/>Yay\u0131n Tarihi: 24.05.2019<br \/>Orijinal Ad\u0131: Conni kommt in den Kindergarten<br \/>ISBN: 9786052953914<br \/>Dil: T\u00dcRK\u00c7E<br \/>Sayfa Say\u0131s\u0131: 24<br \/>Cilt Tipi: Karton Kapak<br \/>Ka\u011f\u0131t Cinsi: Ku\u015fe Ka\u011f\u0131t<br \/>Boyut: 22 x 22 cm<\/p>","protected":false},"excerpt":{"rendered":"<p>O g\u00fcn do\u011fum g\u00fcn\u00fc olan Elif, en g\u00fczel elbisesini giydi. Yeni ya\u015f\u0131na bast\u0131\u011f\u0131nda anaokuluna da ba\u015flayacakt\u0131. Elif, anaokulunun ilk g\u00fcn\u00fcnde neler ya\u015fad\u0131\u011f\u0131n\u0131 heyecanla annesine ve babas\u0131na anlatt\u0131.<\/p>","protected":false},"featured_media":23285,"template":"","meta":{"spay_email":""},"product_cat":[172],"product_tag":[],"item":[336],"acf":[],"_links":{"self":[{"href":"https:\/\/mgvpublications.com\/de\/wp-json\/wp\/v2\/product\/19335"}],"collection":[{"href":"https:\/\/mgvpublications.com\/de\/wp-json\/wp\/v2\/product"}],"about":[{"href":"https:\/\/mgvpublications.com\/de\/wp-json\/wp\/v2\/types\/product"}],"wp:featuredmedia":[{"embeddable":true,"href":"https:\/\/mgvpublications.com\/de\/wp-json\/wp\/v2\/media\/23285"}],"wp:attachment":[{"href":"https:\/\/mgvpublications.com\/de\/wp-json\/wp\/v2\/media?parent=19335"}],"wp:term":[{"taxonomy":"product_cat","embeddable":true,"href":"https:\/\/mgvpublications.com\/de\/wp-json\/wp\/v2\/product_cat?post=19335"},{"taxonomy":"product_tag","embeddable":true,"href":"https:\/\/mgvpublications.com\/de\/wp-json\/wp\/v2\/product_tag?post=19335"},{"taxonomy":"item","embeddable":true,"href":"https:\/\/mgvpublications.com\/de\/wp-json\/wp\/v2\/item?post=19335"}],"curies":[{"name":"wp","href":"https:\/\/api.w.org\/{rel}","templated":true}]}}