{"id":19327,"date":"2021-05-08T15:25:11","date_gmt":"2021-05-08T13:25:11","guid":{"rendered":"https:\/\/mgvpublications.com\/produkt\/peygamberlerin-mucizeleri\/"},"modified":"2022-04-08T06:22:18","modified_gmt":"2022-04-08T04:22:18","slug":"peygamberlerin-mucizeleri","status":"publish","type":"product","link":"https:\/\/mgvpublications.com\/de\/peygamberlerin-mucizeleri\/","title":{"rendered":"Peygamberlerin Mucizeleri"},"content":{"rendered":"<p>Yay\u0131n Tarihi: 26.01.2021<br \/>ISBN: 9786050831979<br \/>Dil: T\u00dcRK\u00c7E<br \/>Sayfa Say\u0131s\u0131: 160<br \/>Cilt Tipi: Karton Kapak<br \/>Ka\u011f\u0131t Cinsi: Kitap Ka\u011f\u0131d\u0131<br \/>Boyut: 13.5 x 21 cm<br \/>\u00c7izer: Erkan Batem<br \/>Di\u011fer \u00d6zellik: 6-10 Ya\u015f<\/p>","protected":false},"excerpt":{"rendered":"<p>O, \u0131\u015f\u0131k h\u0131z\u0131 gezginiydi. Kitab\u0131n sayfas\u0131n\u0131 a\u00e7t\u0131\u011f\u0131 anda ba\u015fka \u00e2lemlere u\u00e7uyordu. Peygamberlerin alemine\u2026 Araya \u00e7a\u011flar bile girse \u0131\u015f\u0131k h\u0131z\u0131 yolculu\u011funa doyum olmuyordu. Gidip gezmek, her \u015feyi yerinde g\u00f6r\u00fcp incelemek e\u015fsiz bir keyifti onun i\u00e7in. \u00dcstelik bu i\u015f i\u00e7in yapt\u0131\u011f\u0131 tek \u015fey, b\u00fct\u00fcn\u00fcyle istemek ve \u00e7ok okumakt\u0131. Bu iki g\u00fczellik i\u00e7inde macera ba\u015fl\u0131yordu. Heyecan, h\u0131z ve co\u015fku dolu renkli iklimlere u\u00e7mu\u015ftu. Zaman, y\u0131ld\u0131z gibi kay\u0131yordu avu\u00e7lar\u0131ndan. Muhte\u015femdi varl\u0131k, muhte\u015femdi hayat ve muhte\u015femdi mucizeler\u2026 \u015eimdi seni de bu mucizelere okumaya \u00e7a\u011f\u0131r\u0131yor. I\u015f\u0131k gezgininin Hayal At\u0131\u2019yla \u00e7\u0131kt\u0131\u011f\u0131 bu \u0131\u015f\u0131k h\u0131z\u0131ndaki yolculu\u011fa e\u015flik etmeye haz\u0131r m\u0131s\u0131n?<\/p>","protected":false},"featured_media":23215,"template":"","meta":{"spay_email":""},"product_cat":[172],"product_tag":[],"item":[360],"acf":[],"_links":{"self":[{"href":"https:\/\/mgvpublications.com\/de\/wp-json\/wp\/v2\/product\/19327"}],"collection":[{"href":"https:\/\/mgvpublications.com\/de\/wp-json\/wp\/v2\/product"}],"about":[{"href":"https:\/\/mgvpublications.com\/de\/wp-json\/wp\/v2\/types\/product"}],"wp:featuredmedia":[{"embeddable":true,"href":"https:\/\/mgvpublications.com\/de\/wp-json\/wp\/v2\/media\/23215"}],"wp:attachment":[{"href":"https:\/\/mgvpublications.com\/de\/wp-json\/wp\/v2\/media?parent=19327"}],"wp:term":[{"taxonomy":"product_cat","embeddable":true,"href":"https:\/\/mgvpublications.com\/de\/wp-json\/wp\/v2\/product_cat?post=19327"},{"taxonomy":"product_tag","embeddable":true,"href":"https:\/\/mgvpublications.com\/de\/wp-json\/wp\/v2\/product_tag?post=19327"},{"taxonomy":"item","embeddable":true,"href":"https:\/\/mgvpublications.com\/de\/wp-json\/wp\/v2\/item?post=19327"}],"curies":[{"name":"wp","href":"https:\/\/api.w.org\/{rel}","templated":true}]}}