{"id":19323,"date":"2021-05-08T15:25:10","date_gmt":"2021-05-08T13:25:10","guid":{"rendered":"https:\/\/mgvpublications.com\/produkt\/oruc-kahramanlari-7-yas\/"},"modified":"2022-05-01T17:49:06","modified_gmt":"2022-05-01T15:49:06","slug":"oruc-kahramanlari-7-yas","status":"publish","type":"product","link":"https:\/\/mgvpublications.com\/de\/oruc-kahramanlari-7-yas\/","title":{"rendered":"Oru\u00e7 Kahramanlar\u0131 (7+ Ya\u015f)"},"content":{"rendered":"<p>Yay\u0131n Tarihi: 17.04.2019<br \/>ISBN: 9789751968890<br \/>Dil: T\u00dcRK\u00c7E<br \/>Sayfa Say\u0131s\u0131: 112<br \/>Cilt Tipi: Karton Kapak<br \/>Ka\u011f\u0131t Cinsi: Kitap Ka\u011f\u0131d\u0131<br \/>Boyut: 21 x 26 cm<\/p>","protected":false},"excerpt":{"rendered":"<p>engarenk t\u00fcyleri olan, koyun b\u00fcy\u00fckl\u00fc\u011f\u00fcnde kocaman bir ku\u015fla tan\u0131\u015fmaya ne dersin? Kocaman ku\u015f kuyu olur i\u00e7ine atlars\u0131n. Harita olur \u015fehir be\u011fenir, hoop dalars\u0131n i\u00e7ine&#8230; Kutsal \u015fehirleri de gezebilirsin, tarihte yolculuk da yapabilirsin. T\u0131pk\u0131 Ahmet ve Meryem gibi&#8230; Sen de oru\u00e7 kahraman\u0131 olmak istersen Kocaman Ku\u015f&#8217;la ba\u015flas\u0131n macera !<\/p>","protected":false},"featured_media":19322,"template":"","meta":{"spay_email":""},"product_cat":[172],"product_tag":[],"item":[960],"acf":[],"_links":{"self":[{"href":"https:\/\/mgvpublications.com\/de\/wp-json\/wp\/v2\/product\/19323"}],"collection":[{"href":"https:\/\/mgvpublications.com\/de\/wp-json\/wp\/v2\/product"}],"about":[{"href":"https:\/\/mgvpublications.com\/de\/wp-json\/wp\/v2\/types\/product"}],"wp:featuredmedia":[{"embeddable":true,"href":"https:\/\/mgvpublications.com\/de\/wp-json\/wp\/v2\/media\/19322"}],"wp:attachment":[{"href":"https:\/\/mgvpublications.com\/de\/wp-json\/wp\/v2\/media?parent=19323"}],"wp:term":[{"taxonomy":"product_cat","embeddable":true,"href":"https:\/\/mgvpublications.com\/de\/wp-json\/wp\/v2\/product_cat?post=19323"},{"taxonomy":"product_tag","embeddable":true,"href":"https:\/\/mgvpublications.com\/de\/wp-json\/wp\/v2\/product_tag?post=19323"},{"taxonomy":"item","embeddable":true,"href":"https:\/\/mgvpublications.com\/de\/wp-json\/wp\/v2\/item?post=19323"}],"curies":[{"name":"wp","href":"https:\/\/api.w.org\/{rel}","templated":true}]}}