{"id":19313,"date":"2021-05-08T15:25:08","date_gmt":"2021-05-08T13:25:08","guid":{"rendered":"https:\/\/mgvpublications.com\/produkt\/matematigin-kac-cani-var\/"},"modified":"2022-04-08T06:17:10","modified_gmt":"2022-04-08T04:17:10","slug":"matematigin-kac-cani-var","status":"publish","type":"product","link":"https:\/\/mgvpublications.com\/de\/matematigin-kac-cani-var\/","title":{"rendered":"Matemati\u011fin Ka\u00e7 Can\u0131 Var?"},"content":{"rendered":"<p>Yay\u0131n Tarihi: 04.05.2021<br \/>ISBN: 9786052297186<br \/>Dil: T\u00dcRK\u00c7E<br \/>Sayfa Say\u0131s\u0131: 200<br \/>Cilt Tipi: Karton Kapak<br \/>Ka\u011f\u0131t Cinsi: Kitap Ka\u011f\u0131d\u0131<br \/>Boyut: 13.5 x 21 cm<br \/>\u00c7izer: Yavuz Girgin<br \/>Di\u011fer \u00d6zellik: 8+ Ya\u015f<\/p>","protected":false},"excerpt":{"rendered":"<p>Bekle! Maceraya at\u0131lmadan \u00f6nce bir ka\u00e7 uyar\u0131 i\u015fine yarayacakt\u0131r! Y\u00fcce Pi\u2019yle tan\u0131\u015ft\u0131\u011f\u0131nda haz\u0131rl\u0131kl\u0131 ol. Sayg\u0131yla \u00f6n\u00fcnde e\u011fil. Fibonacci\u2019yle gazoz i\u00e7ebilirsin fakat Pisagor\u2019a asla asitli i\u00e7ecek teklif etme. Yeni demlenmi\u015f \u00e7ay, onunla iyi anla\u015fman\u0131 sa\u011flar. Matematik denince kaskat\u0131 kesilip buz da\u011f\u0131na d\u00f6n\u00fc\u015fenlerden misin? Bir kal\u0131p buzken, \u00f6\u011fretmenin tahtaya soru yazar yazmaz v\u00fccudundan son s\u00fcrat akan ecel terleriyle eriyip bitiyor musun? Fakat gaz hale ge\u00e7ip buharla\u015famad\u0131\u011f\u0131n i\u00e7in tahtadaki soruyu \u00e7\u00f6zmeye muhakkak sen \u00e7\u0131k\u0131yorsun. O halde kahraman\u0131m\u0131z Can\u2019la tan\u0131\u015fmak i\u00e7in acele etmelisin. Eskiden olsa Can senle kafa kafaya verip matematikten uzun uzun dert yanabilirdi. Fakat bir g\u00fcn kar\u015f\u0131s\u0131na \u00d6mer Hayyam \u00e7\u0131kt\u0131. \u0130\u015fler de\u011fi\u015fti. Zamanlar aras\u0131 ge\u00e7i\u015fler yaparak uzun bir yolculu\u011fa \u00e7\u0131kmas\u0131 gerekiyor. Matematik tarihine yapaca\u011f\u0131 bu gizemli yolculukta Can\u2019a e\u015flik etmek ister misin? Fakat tehlikelerle dolu bir seyahat olaca\u011f\u0131n\u0131 sak\u0131n akl\u0131ndan \u00e7\u0131karma.<\/p>","protected":false},"featured_media":23111,"template":"","meta":{"spay_email":""},"product_cat":[172],"product_tag":[],"item":[1085],"acf":[],"_links":{"self":[{"href":"https:\/\/mgvpublications.com\/de\/wp-json\/wp\/v2\/product\/19313"}],"collection":[{"href":"https:\/\/mgvpublications.com\/de\/wp-json\/wp\/v2\/product"}],"about":[{"href":"https:\/\/mgvpublications.com\/de\/wp-json\/wp\/v2\/types\/product"}],"wp:featuredmedia":[{"embeddable":true,"href":"https:\/\/mgvpublications.com\/de\/wp-json\/wp\/v2\/media\/23111"}],"wp:attachment":[{"href":"https:\/\/mgvpublications.com\/de\/wp-json\/wp\/v2\/media?parent=19313"}],"wp:term":[{"taxonomy":"product_cat","embeddable":true,"href":"https:\/\/mgvpublications.com\/de\/wp-json\/wp\/v2\/product_cat?post=19313"},{"taxonomy":"product_tag","embeddable":true,"href":"https:\/\/mgvpublications.com\/de\/wp-json\/wp\/v2\/product_tag?post=19313"},{"taxonomy":"item","embeddable":true,"href":"https:\/\/mgvpublications.com\/de\/wp-json\/wp\/v2\/item?post=19313"}],"curies":[{"name":"wp","href":"https:\/\/api.w.org\/{rel}","templated":true}]}}