{"id":19309,"date":"2021-05-08T15:25:05","date_gmt":"2021-05-08T13:25:05","guid":{"rendered":"https:\/\/mgvpublications.com\/produkt\/bir-kudus-masali\/"},"modified":"2022-06-19T15:52:59","modified_gmt":"2022-06-19T13:52:59","slug":"bir-kudus-masali","status":"publish","type":"product","link":"https:\/\/mgvpublications.com\/de\/bir-kudus-masali\/","title":{"rendered":"Bir Kud\u00fcs Masal\u0131"},"content":{"rendered":"<p>Yay\u0131n Tarihi: 14.04.2021<br \/>ISBN: 9786052297483<br \/>Dil: T\u00dcRK\u00c7E<br \/>Sayfa Say\u0131s\u0131: 36<br \/>Cilt Tipi: Karton Kapak<br \/>Ka\u011f\u0131t Cinsi: Kitap Ka\u011f\u0131d\u0131<br \/>Boyut: 22 x 20.3 cm<br \/>\u00c7izer: \u00d6zlem Y\u00fcce Aka<\/p>","protected":false},"excerpt":{"rendered":"<p>Bir \u00e7ocuk, k\u00f6stekli bir saat, renklerinden s\u0131yr\u0131lan bir g\u00f6kku\u015fa\u011f\u0131, \u00fczerinde b\u00fct\u00fcn meyveler olan her \u015fey a\u011fac\u0131, kitaplardan bir da\u011f, otuz ku\u015ftan olu\u015fan bir masal ku\u015fu, bir arkada\u015f ve bir \u015fehir\u2026 Macera, heyecan, umut ve merak dolu bu yolculu\u011fa haz\u0131r m\u0131s\u0131n?<\/p>","protected":false},"featured_media":23107,"template":"","meta":{"spay_email":""},"product_cat":[172],"product_tag":[],"item":[1085],"acf":[],"_links":{"self":[{"href":"https:\/\/mgvpublications.com\/de\/wp-json\/wp\/v2\/product\/19309"}],"collection":[{"href":"https:\/\/mgvpublications.com\/de\/wp-json\/wp\/v2\/product"}],"about":[{"href":"https:\/\/mgvpublications.com\/de\/wp-json\/wp\/v2\/types\/product"}],"wp:featuredmedia":[{"embeddable":true,"href":"https:\/\/mgvpublications.com\/de\/wp-json\/wp\/v2\/media\/23107"}],"wp:attachment":[{"href":"https:\/\/mgvpublications.com\/de\/wp-json\/wp\/v2\/media?parent=19309"}],"wp:term":[{"taxonomy":"product_cat","embeddable":true,"href":"https:\/\/mgvpublications.com\/de\/wp-json\/wp\/v2\/product_cat?post=19309"},{"taxonomy":"product_tag","embeddable":true,"href":"https:\/\/mgvpublications.com\/de\/wp-json\/wp\/v2\/product_tag?post=19309"},{"taxonomy":"item","embeddable":true,"href":"https:\/\/mgvpublications.com\/de\/wp-json\/wp\/v2\/item?post=19309"}],"curies":[{"name":"wp","href":"https:\/\/api.w.org\/{rel}","templated":true}]}}