{"id":19307,"date":"2021-05-08T15:25:04","date_gmt":"2021-05-08T13:25:04","guid":{"rendered":"https:\/\/mgvpublications.com\/produkt\/akintiya-karsi\/"},"modified":"2022-03-08T22:53:38","modified_gmt":"2022-03-08T21:53:38","slug":"akintiya-karsi","status":"publish","type":"product","link":"https:\/\/mgvpublications.com\/de\/akintiya-karsi\/","title":{"rendered":"Ak\u0131nt\u0131ya Kar\u015f\u0131"},"content":{"rendered":"<p>Yay\u0131n Tarihi: 19.03.2021<br \/>ISBN: 9786257660051<br \/>Dil: T\u00dcRK\u00c7E<br \/>Sayfa Say\u0131s\u0131: 147<br \/>Cilt Tipi: Karton Kapak<br \/>Ka\u011f\u0131t Cinsi: Kitap Ka\u011f\u0131d\u0131<br \/>Boyut: 13.5 x 21 cm<\/p>","protected":false},"excerpt":{"rendered":"<p>\u201c\u2026 Oltan\u0131n ucundaki bal\u0131k \u015f\u00f6yle dedi: \u2018Yem \u00f6yle b\u00fcy\u00fc\u00adl\u00fc, \u00e7ekici, ger\u00e7ek idi ki; nas\u0131l desem ger\u00e7ekten daha ger\u00e7ekti. \u015eimdi \u015fu son nefesimi verirken itiraf edi\u00adyorum: \u201cTanr\u0131m bunu beklemiyordum\u2019. * Elinizdeki kitap sadece \u015fu mektuptaki c\u00fcmle y\u00fcz\u00fcn\u00adden kaleme al\u0131nm\u0131\u015ft\u0131r desem yeridir. \u00c7a\u011fda\u015f K\u00fcre\u00adsel Medeniyet\u2019in (O iki as\u0131rdan beri pe\u015fine d\u00fc\u015f\u00fcp yeti\u015fmeye \u00e7al\u0131\u015ft\u0131\u011f\u0131m\u0131z muas\u0131r medeniyet) insanl\u0131\u011f\u0131 getirdi\u011fi son durak buras\u0131d\u0131r.\u201d Mustafa Kutlu\u2019nun gazete yaz\u0131lar\u0131ndan derleyerek yazd\u0131\u011f\u0131 yeni eseri toplumumuzun t\u00fcm sorunlar\u0131na, eksiklerine, nereden nerelere gelindi\u011fine \u0131\u015f\u0131k tutarken, \u00e7\u00f6z\u00fcmlerini de kelimelerinin aras\u0131nda ilgililere sunuyor.<\/p>","protected":false},"featured_media":19306,"template":"","meta":{"spay_email":""},"product_cat":[168],"product_tag":[],"item":[356],"acf":[],"_links":{"self":[{"href":"https:\/\/mgvpublications.com\/de\/wp-json\/wp\/v2\/product\/19307"}],"collection":[{"href":"https:\/\/mgvpublications.com\/de\/wp-json\/wp\/v2\/product"}],"about":[{"href":"https:\/\/mgvpublications.com\/de\/wp-json\/wp\/v2\/types\/product"}],"wp:featuredmedia":[{"embeddable":true,"href":"https:\/\/mgvpublications.com\/de\/wp-json\/wp\/v2\/media\/19306"}],"wp:attachment":[{"href":"https:\/\/mgvpublications.com\/de\/wp-json\/wp\/v2\/media?parent=19307"}],"wp:term":[{"taxonomy":"product_cat","embeddable":true,"href":"https:\/\/mgvpublications.com\/de\/wp-json\/wp\/v2\/product_cat?post=19307"},{"taxonomy":"product_tag","embeddable":true,"href":"https:\/\/mgvpublications.com\/de\/wp-json\/wp\/v2\/product_tag?post=19307"},{"taxonomy":"item","embeddable":true,"href":"https:\/\/mgvpublications.com\/de\/wp-json\/wp\/v2\/item?post=19307"}],"curies":[{"name":"wp","href":"https:\/\/api.w.org\/{rel}","templated":true}]}}