{"id":19305,"date":"2021-05-08T15:25:03","date_gmt":"2021-05-08T13:25:03","guid":{"rendered":"https:\/\/mgvpublications.com\/produkt\/vahdet-i-vucud\/"},"modified":"2022-03-08T22:53:36","modified_gmt":"2022-03-08T21:53:36","slug":"vahdet-i-vucud","status":"publish","type":"product","link":"https:\/\/mgvpublications.com\/de\/vahdet-i-vucud\/","title":{"rendered":"Vahdet-i V\u00fcc\u00fbd"},"content":{"rendered":"<p>Yay\u0131n Tarihi: 21.01.2021<br \/>ISBN: 9786257005517<br \/>Bask\u0131 Say\u0131s\u0131: Prof. Dr. Mustafa Kara<br \/>Dil: T\u00dcRK\u00c7E<br \/>Sayfa Say\u0131s\u0131: 138<br \/>Cilt Tipi: Karton Kapak<br \/>Ka\u011f\u0131t Cinsi: Kitap Ka\u011f\u0131d\u0131<br \/>Boyut: 13.5 x 21 cm<br \/>Derleyici: Prof. Dr. Mustafa Kara<\/p>","protected":false},"excerpt":{"rendered":"<p>Ferid Kam bu eserde vahdet-i v\u00fcc\u00fbd mefhumunu genel anlamda Bat\u0131 d\u00fc\u015f\u00fcncesiyle, \u00f6zelde ise panteizmle kar\u015f\u0131la\u015ft\u0131rmal\u0131 olarak incelemektedir. Panteizmin tarihi hakk\u0131nda malumat\u0131n yan\u0131nda, eski Yunan\u2019da, Hindistan\u2019da ve H\u0131ristiyanl\u0131kta panteist g\u00f6r\u00fc\u015flerin mahiyeti hakk\u0131nda da bilgi vermektedir. Vahdet-i v\u00fcc\u00fbdu anlayabilmek i\u00e7in \u00f6nce tasavvuf d\u00fc\u015f\u00fcncesine a\u015fina olmak gerekti\u011fi inanc\u0131yla daha sonra tasavvuf konusunu a\u00e7ar. Ba\u015fta \u0130bn\u00fc\u2019l-Arab\u00ee ve Gazz\u00e2l\u00ee olmak \u00fczere pek \u00e7ok tasavvuf b\u00fcy\u00fc\u011f\u00fcn\u00fcn ve kayna\u011f\u0131n vahdet-i v\u00fcc\u00fbd hakk\u0131ndaki d\u00fc\u015f\u00fcncelerini; bunun yan\u0131nda Berkeley, Descartes, Spinoza ve Hegel gibi isimleri ve bu isimlerin d\u00fc\u015f\u00fcnceleriyle nerede durduklar\u0131n\u0131 de\u011ferlendirir. Daha \u00f6nce \u0130bn-i Arab\u00ee\u2019de Varl\u0131k D\u00fc\u015f\u00fcncesi ad\u0131yla yay\u0131mlanan kitab\u0131n b\u00fcnyesinde bulunan Vahdet-i V\u00fcc\u00fbd ris\u00e2lesi, \u015fimdi Mustafa Kara\u2019n\u0131n sadele\u015ftirdi\u011fi h\u00e2liyle ayr\u0131 bir eser olarak okura sunuluyor.<\/p>","protected":false},"featured_media":19304,"template":"","meta":{"spay_email":""},"product_cat":[174],"product_tag":[],"item":[356],"acf":[],"_links":{"self":[{"href":"https:\/\/mgvpublications.com\/de\/wp-json\/wp\/v2\/product\/19305"}],"collection":[{"href":"https:\/\/mgvpublications.com\/de\/wp-json\/wp\/v2\/product"}],"about":[{"href":"https:\/\/mgvpublications.com\/de\/wp-json\/wp\/v2\/types\/product"}],"wp:featuredmedia":[{"embeddable":true,"href":"https:\/\/mgvpublications.com\/de\/wp-json\/wp\/v2\/media\/19304"}],"wp:attachment":[{"href":"https:\/\/mgvpublications.com\/de\/wp-json\/wp\/v2\/media?parent=19305"}],"wp:term":[{"taxonomy":"product_cat","embeddable":true,"href":"https:\/\/mgvpublications.com\/de\/wp-json\/wp\/v2\/product_cat?post=19305"},{"taxonomy":"product_tag","embeddable":true,"href":"https:\/\/mgvpublications.com\/de\/wp-json\/wp\/v2\/product_tag?post=19305"},{"taxonomy":"item","embeddable":true,"href":"https:\/\/mgvpublications.com\/de\/wp-json\/wp\/v2\/item?post=19305"}],"curies":[{"name":"wp","href":"https:\/\/api.w.org\/{rel}","templated":true}]}}