{"id":19303,"date":"2021-05-08T15:25:02","date_gmt":"2021-05-08T13:25:02","guid":{"rendered":"https:\/\/mgvpublications.com\/produkt\/hanoglu-bir-selcuklu-kahramani\/"},"modified":"2022-03-08T22:53:36","modified_gmt":"2022-03-08T21:53:36","slug":"hanoglu-bir-selcuklu-kahramani","status":"publish","type":"product","link":"https:\/\/mgvpublications.com\/de\/hanoglu-bir-selcuklu-kahramani\/","title":{"rendered":"Hano\u011flu \/ Bir Sel\u00e7uklu Kahraman\u0131"},"content":{"rendered":"<p>Yay\u0131n Tarihi: 20.11.2017<br \/>ISBN: 9789752634336<br \/>Dil: T\u00dcRK\u00c7E<br \/>Sayfa Say\u0131s\u0131: 221<br \/>Cilt Tipi: Karton Kapak<br \/>Ka\u011f\u0131t Cinsi: Kitap Ka\u011f\u0131d\u0131<br \/>Boyut: 12.5 x 19.5 cm<\/p>","protected":false},"excerpt":{"rendered":"<p>G\u00f6z\u00fcn\u00fc budaktan sak\u0131nmayan, er meydan\u0131ndan asla ka\u00e7mayan, haks\u0131zl\u0131\u011fa tahamm\u00fcl\u00fc olmayan; mert, cesur T\u00fcrk gencinin timsali Hano\u011flu&#8217;nun Bizansl\u0131 sava\u015f\u00e7\u0131larla, Deylemli erlerle giri\u015fti\u011fi m\u00fccadeleleri, nice bile\u011fi b\u00fck\u00fclmez, s\u0131rt\u0131 yere gelmez cengaverleri alt edi\u015fini okurken Sel\u00e7uklu Devleti&#8217;nin kurulu\u015funa \u015fahit olacak, diyar diyar at ko\u015fturan ak\u0131nc\u0131lar\u0131n co\u015fkusunu, fetih a\u015fk\u0131n\u0131 y\u00fcre\u011finizde duyacaks\u0131n\u0131z.<\/p>","protected":false},"featured_media":19302,"template":"","meta":{"spay_email":""},"product_cat":[168],"product_tag":[],"item":[360],"acf":[],"_links":{"self":[{"href":"https:\/\/mgvpublications.com\/de\/wp-json\/wp\/v2\/product\/19303"}],"collection":[{"href":"https:\/\/mgvpublications.com\/de\/wp-json\/wp\/v2\/product"}],"about":[{"href":"https:\/\/mgvpublications.com\/de\/wp-json\/wp\/v2\/types\/product"}],"wp:featuredmedia":[{"embeddable":true,"href":"https:\/\/mgvpublications.com\/de\/wp-json\/wp\/v2\/media\/19302"}],"wp:attachment":[{"href":"https:\/\/mgvpublications.com\/de\/wp-json\/wp\/v2\/media?parent=19303"}],"wp:term":[{"taxonomy":"product_cat","embeddable":true,"href":"https:\/\/mgvpublications.com\/de\/wp-json\/wp\/v2\/product_cat?post=19303"},{"taxonomy":"product_tag","embeddable":true,"href":"https:\/\/mgvpublications.com\/de\/wp-json\/wp\/v2\/product_tag?post=19303"},{"taxonomy":"item","embeddable":true,"href":"https:\/\/mgvpublications.com\/de\/wp-json\/wp\/v2\/item?post=19303"}],"curies":[{"name":"wp","href":"https:\/\/api.w.org\/{rel}","templated":true}]}}