{"id":19301,"date":"2021-05-08T15:25:01","date_gmt":"2021-05-08T13:25:01","guid":{"rendered":"https:\/\/mgvpublications.com\/produkt\/zafer-ruzgarlari-akdeniz-fatihi-turgut-reis\/"},"modified":"2022-03-08T22:53:36","modified_gmt":"2022-03-08T21:53:36","slug":"zafer-ruzgarlari-akdeniz-fatihi-turgut-reis","status":"publish","type":"product","link":"https:\/\/mgvpublications.com\/de\/zafer-ruzgarlari-akdeniz-fatihi-turgut-reis\/","title":{"rendered":"Zafer R\u00fczgarlar\u0131\/Akdeniz Fatihi Turgut Reis"},"content":{"rendered":"<p>Yay\u0131n Tarihi: 18.04.2018<br \/>ISBN: 9789757544036<br \/>Dil: T\u00dcRK\u00c7E<br \/>Sayfa Say\u0131s\u0131: 205<br \/>Cilt Tipi: Karton Kapak<br \/>Ka\u011f\u0131t Cinsi: Kitap Ka\u011f\u0131d\u0131<br \/>Boyut: 12.5 x 19.5 cm<\/p>","protected":false},"excerpt":{"rendered":"<p>Turgut Reis Ha\u00e7l\u0131lar\u0131n korkulu r\u00fcyas\u0131, Preveze ve Cerbe deniz sava\u015flar\u0131n\u0131n \u015fanl\u0131 gazisi, Trablusgarp fatihi, Akdeniz sahillerini kas\u0131p kavuran denizler ejderi. G\u00fcmb\u00fcrdeyen toplar, Akdeniz\u2019de Turgut Reis\u2019in h\u00e2kimiyetini il\u00e2n ediyordu. Malta\u2019da ve Sirakuza k\u0131y\u0131 \u015fehirlerinde \u00e7al\u0131nan \u00e7anlar, Dragut dedikleri b\u00fcy\u00fck gazinin Akdeniz\u2019de avlanmaya \u00e7\u0131kt\u0131\u011f\u0131n\u0131, u\u011fultularla Ha\u00e7l\u0131 d\u00fcnyas\u0131na duyuruyordu. Dragut geliyor..! Dragut geliyor..! Avrupa, b\u00fcy\u00fck tel\u00e2\u015f ve korku i\u00e7inde\u2026 Acaba bundan sonra s\u0131ra kimde? Zafer R\u00fczg\u00e2rlar\u0131\u2019nda, Turgut Reis\u2019in hayat\u0131n\u0131, Akdeniz\u2019deki \u015fanl\u0131 m\u00fccadelesini ve Osmanl\u0131 leventlerinin maceralar\u0131n\u0131 Ahmet Y\u0131lmaz Boyuna\u011fa\u2019n\u0131n usta kaleminden okuyacaks\u0131n\u0131z.<\/p>","protected":false},"featured_media":19300,"template":"","meta":{"spay_email":""},"product_cat":[168],"product_tag":[],"item":[360],"acf":[],"_links":{"self":[{"href":"https:\/\/mgvpublications.com\/de\/wp-json\/wp\/v2\/product\/19301"}],"collection":[{"href":"https:\/\/mgvpublications.com\/de\/wp-json\/wp\/v2\/product"}],"about":[{"href":"https:\/\/mgvpublications.com\/de\/wp-json\/wp\/v2\/types\/product"}],"wp:featuredmedia":[{"embeddable":true,"href":"https:\/\/mgvpublications.com\/de\/wp-json\/wp\/v2\/media\/19300"}],"wp:attachment":[{"href":"https:\/\/mgvpublications.com\/de\/wp-json\/wp\/v2\/media?parent=19301"}],"wp:term":[{"taxonomy":"product_cat","embeddable":true,"href":"https:\/\/mgvpublications.com\/de\/wp-json\/wp\/v2\/product_cat?post=19301"},{"taxonomy":"product_tag","embeddable":true,"href":"https:\/\/mgvpublications.com\/de\/wp-json\/wp\/v2\/product_tag?post=19301"},{"taxonomy":"item","embeddable":true,"href":"https:\/\/mgvpublications.com\/de\/wp-json\/wp\/v2\/item?post=19301"}],"curies":[{"name":"wp","href":"https:\/\/api.w.org\/{rel}","templated":true}]}}