{"id":19297,"date":"2021-05-08T15:25:00","date_gmt":"2021-05-08T13:25:00","guid":{"rendered":"https:\/\/mgvpublications.com\/produkt\/kocyigit-seyit-battal-gazi\/"},"modified":"2022-03-08T22:53:36","modified_gmt":"2022-03-08T21:53:36","slug":"kocyigit-seyit-battal-gazi","status":"publish","type":"product","link":"https:\/\/mgvpublications.com\/de\/kocyigit-seyit-battal-gazi\/","title":{"rendered":"Ko\u00e7yi\u011fit \/ Seyit Battal Gazi"},"content":{"rendered":"<p>Yay\u0131n Tarihi: 28.09.2017<br \/>ISBN: 9786051144092<br \/>Dil: T\u00dcRK\u00c7E<br \/>Sayfa Say\u0131s\u0131: 208<br \/>Cilt Tipi: Karton Kapak<br \/>Ka\u011f\u0131t Cinsi: Kitap Ka\u011f\u0131d\u0131<br \/>Boyut: 12.5 x 19.5 cm<\/p>","protected":false},"excerpt":{"rendered":"<p>Elenora, Abd\u00fcssamed, Ahmer, Anastasya, Mesleme ve di\u011ferleri&#8230; Farkl\u0131 K\u00fclt\u00fcrlerden de gelseler hepsi ona hayrand\u0131. Kahramanl\u0131klar\u0131 nesilden nesile anlat\u0131lan Ko\u00e7yi\u011fit Seyit Battal Gazi&#8217;nin giri\u015fti\u011fi destans\u0131 m\u00fccadelenin roman\u0131&#8230; Anadolu&#8217;nun ba\u011fr\u0131ndan K\u0131z Kulesi&#8217;ne uzanan s\u00fcr\u00fckleyici bir maceraya haz\u0131r m\u0131s\u0131n\u0131z? Battal&#8217;\u0131n destan\u0131n\u0131 Ahmet Y\u0131lmaz Boyuna\u011fa&#8217;n\u0131n kaleminden okurken, &#8220;Telefonuma mesaj gelmesin!&#8221;, &#8220;Kimse beni rahats\u0131z etmesin!&#8221; siyeceksiniz.<\/p>","protected":false},"featured_media":19296,"template":"","meta":{"spay_email":""},"product_cat":[168],"product_tag":[],"item":[360],"acf":[],"_links":{"self":[{"href":"https:\/\/mgvpublications.com\/de\/wp-json\/wp\/v2\/product\/19297"}],"collection":[{"href":"https:\/\/mgvpublications.com\/de\/wp-json\/wp\/v2\/product"}],"about":[{"href":"https:\/\/mgvpublications.com\/de\/wp-json\/wp\/v2\/types\/product"}],"wp:featuredmedia":[{"embeddable":true,"href":"https:\/\/mgvpublications.com\/de\/wp-json\/wp\/v2\/media\/19296"}],"wp:attachment":[{"href":"https:\/\/mgvpublications.com\/de\/wp-json\/wp\/v2\/media?parent=19297"}],"wp:term":[{"taxonomy":"product_cat","embeddable":true,"href":"https:\/\/mgvpublications.com\/de\/wp-json\/wp\/v2\/product_cat?post=19297"},{"taxonomy":"product_tag","embeddable":true,"href":"https:\/\/mgvpublications.com\/de\/wp-json\/wp\/v2\/product_tag?post=19297"},{"taxonomy":"item","embeddable":true,"href":"https:\/\/mgvpublications.com\/de\/wp-json\/wp\/v2\/item?post=19297"}],"curies":[{"name":"wp","href":"https:\/\/api.w.org\/{rel}","templated":true}]}}