{"id":19295,"date":"2021-05-08T15:25:00","date_gmt":"2021-05-08T13:25:00","guid":{"rendered":"https:\/\/mgvpublications.com\/produkt\/fetih-sancaklari\/"},"modified":"2022-03-08T22:53:36","modified_gmt":"2022-03-08T21:53:36","slug":"fetih-sancaklari","status":"publish","type":"product","link":"https:\/\/mgvpublications.com\/de\/fetih-sancaklari\/","title":{"rendered":"Fetih Sancaklar\u0131"},"content":{"rendered":"<p>Yay\u0131n Tarihi: 26.03.2019<br \/>ISBN: 9789753620338<br \/>Dil: T\u00dcRK\u00c7E<br \/>Sayfa Say\u0131s\u0131: 192<br \/>Cilt Tipi: Karton Kapak<br \/>Ka\u011f\u0131t Cinsi: Kitap Ka\u011f\u0131d\u0131<br \/>Boyut: 12.5 x 19.5 cm<\/p>","protected":false},"excerpt":{"rendered":"<p>Fetih Sancaklar\u0131&#8217; Bedir&#8217;den Preveze&#8217;ye \u0130slam \u00fcmmetinin cihat tutkusunu anlat\u0131yor. A\u015fk, fedakarl\u0131k ve \u015fehadet \u00f6zlemiyle yo\u011frulmu\u015f m\u00fcsl\u00fcmanlar\u0131n nefes kesen m\u00fccadeleleri. \u0130\u00e7i\u00e7e k\u00fc\u00e7\u00fck, severek okuyaca\u011f\u0131n\u0131z romanlar&#8230;<\/p>","protected":false},"featured_media":19294,"template":"","meta":{"spay_email":""},"product_cat":[168],"product_tag":[],"item":[360],"acf":[],"_links":{"self":[{"href":"https:\/\/mgvpublications.com\/de\/wp-json\/wp\/v2\/product\/19295"}],"collection":[{"href":"https:\/\/mgvpublications.com\/de\/wp-json\/wp\/v2\/product"}],"about":[{"href":"https:\/\/mgvpublications.com\/de\/wp-json\/wp\/v2\/types\/product"}],"wp:featuredmedia":[{"embeddable":true,"href":"https:\/\/mgvpublications.com\/de\/wp-json\/wp\/v2\/media\/19294"}],"wp:attachment":[{"href":"https:\/\/mgvpublications.com\/de\/wp-json\/wp\/v2\/media?parent=19295"}],"wp:term":[{"taxonomy":"product_cat","embeddable":true,"href":"https:\/\/mgvpublications.com\/de\/wp-json\/wp\/v2\/product_cat?post=19295"},{"taxonomy":"product_tag","embeddable":true,"href":"https:\/\/mgvpublications.com\/de\/wp-json\/wp\/v2\/product_tag?post=19295"},{"taxonomy":"item","embeddable":true,"href":"https:\/\/mgvpublications.com\/de\/wp-json\/wp\/v2\/item?post=19295"}],"curies":[{"name":"wp","href":"https:\/\/api.w.org\/{rel}","templated":true}]}}