{"id":19293,"date":"2021-05-08T15:25:00","date_gmt":"2021-05-08T13:25:00","guid":{"rendered":"https:\/\/mgvpublications.com\/produkt\/kirik-hancer-akincilar-kutsal-hancerin-pesinde\/"},"modified":"2022-03-08T22:53:36","modified_gmt":"2022-03-08T21:53:36","slug":"kirik-hancer-akincilar-kutsal-hancerin-pesinde","status":"publish","type":"product","link":"https:\/\/mgvpublications.com\/de\/kirik-hancer-akincilar-kutsal-hancerin-pesinde\/","title":{"rendered":"K\u0131r\u0131k Han\u00e7er\/Ak\u0131nc\u0131lar Kutsal Han\u00e7erin Pe\u015finde"},"content":{"rendered":"<p>Yay\u0131n Tarihi: 15.10.2019<br \/>ISBN: 9789757544562<br \/>Dil: T\u00dcRK\u00c7E<br \/>Sayfa Say\u0131s\u0131: 205<br \/>Cilt Tipi: Karton Kapak<br \/>Ka\u011f\u0131t Cinsi: Kitap Ka\u011f\u0131d\u0131<br \/>Boyut: 12.5 x 19.5 cm<\/p>","protected":false},"excerpt":{"rendered":"<p>Siva\u2019n\u0131n \u015eim\u015fe\u011fi K\u0131r\u0131k Han\u00e7er! Hindular\u0131n u\u011fruna canlar feda etti\u011fi, onu korumak i\u00e7in her t\u00fcrl\u00fc fedakarl\u0131\u011f\u0131 g\u00f6sterdi\u011fi kutsal silah sahibine b\u00fcy\u00fck g\u00fc\u00e7 ve kudret verdi\u011fine inan\u0131lan, Kar\u015f\u0131s\u0131na \u00e7\u0131kan a\u011fa\u00e7, ta\u015f, demir her \u015feyi par\u00e7alayan ola\u011fan\u00fcst\u00fc g\u00fc\u00e7. Gazneli Mahmut\u2019un ordusuna kar\u015f\u0131 kullan\u0131lacak olan bu tehlikeli silah Hindular\u0131n elinden al\u0131nmal\u0131yd\u0131. Ama nas\u0131l? Ele ge\u00e7irmek isteyenleri korkun\u00e7 bir sona s\u00fcr\u00fckleyen k\u0131r\u0131k han\u00e7eri kim yok edebilir? K\u0131r\u0131k han\u00e7eri ele ge\u00e7irmek i\u00e7in verilen amans\u0131z m\u00fccadele sizleri macera dolu, keyifli bir tarih yolculu\u011funa \u00e7\u0131kar\u0131yor. Bu romanda heyacan, bilgi ve tarihi olaylar\u0131 i\u00e7 i\u00e7e bulacak, Ahmet Y\u0131lmaz Boyuna\u011fa&#8217;n\u0131n usta kaleminden zevkle okuyacaks\u0131n\u0131z.<\/p>","protected":false},"featured_media":19292,"template":"","meta":{"spay_email":""},"product_cat":[168],"product_tag":[],"item":[360],"acf":[],"_links":{"self":[{"href":"https:\/\/mgvpublications.com\/de\/wp-json\/wp\/v2\/product\/19293"}],"collection":[{"href":"https:\/\/mgvpublications.com\/de\/wp-json\/wp\/v2\/product"}],"about":[{"href":"https:\/\/mgvpublications.com\/de\/wp-json\/wp\/v2\/types\/product"}],"wp:featuredmedia":[{"embeddable":true,"href":"https:\/\/mgvpublications.com\/de\/wp-json\/wp\/v2\/media\/19292"}],"wp:attachment":[{"href":"https:\/\/mgvpublications.com\/de\/wp-json\/wp\/v2\/media?parent=19293"}],"wp:term":[{"taxonomy":"product_cat","embeddable":true,"href":"https:\/\/mgvpublications.com\/de\/wp-json\/wp\/v2\/product_cat?post=19293"},{"taxonomy":"product_tag","embeddable":true,"href":"https:\/\/mgvpublications.com\/de\/wp-json\/wp\/v2\/product_tag?post=19293"},{"taxonomy":"item","embeddable":true,"href":"https:\/\/mgvpublications.com\/de\/wp-json\/wp\/v2\/item?post=19293"}],"curies":[{"name":"wp","href":"https:\/\/api.w.org\/{rel}","templated":true}]}}