{"id":19289,"date":"2021-05-08T15:24:56","date_gmt":"2021-05-08T13:24:56","guid":{"rendered":"https:\/\/mgvpublications.com\/produkt\/hilal-ugruna-iii-hacli-seferi-ve-selahaddin-eyyubi\/"},"modified":"2022-03-08T22:53:35","modified_gmt":"2022-03-08T21:53:35","slug":"hilal-ugruna-iii-hacli-seferi-ve-selahaddin-eyyubi","status":"publish","type":"product","link":"https:\/\/mgvpublications.com\/de\/hilal-ugruna-iii-hacli-seferi-ve-selahaddin-eyyubi\/","title":{"rendered":"Hilal U\u011fruna\/III. Ha\u00e7l\u0131 Seferi ve Selahaddin Eyy\u00fcbi"},"content":{"rendered":"<p>Yay\u0131n Tarihi: 28.11.2018<br \/>ISBN: 9789757544715<br \/>Dil: T\u00dcRK\u00c7E<br \/>Sayfa Say\u0131s\u0131: 216<br \/>Cilt Tipi: Karton Kapak<br \/>Ka\u011f\u0131t Cinsi: Kitap Ka\u011f\u0131d\u0131<br \/>Boyut: 12.5 x 19.5 cm<\/p>","protected":false},"excerpt":{"rendered":"<p>Avrupa i\u00e7lerinden Arabistan \u00e7\u00f6llerine yap\u0131lan uzun bir yolculuk&#8230; Ha\u00e7 ve Hilal u\u011fruna sava\u015fan iki b\u00fcy\u00fck ordu&#8230; Bir tarafta t\u00fcm Avrupa&#8217;n\u0131n maceraperest ve hayalci \u015f\u00f6valyeleri, di\u011fer tarafta ise Selah\u00e2ddin Eyy\u00fcb\u00ee \u00f6nderli\u011findeki isimsiz kahramanlar&#8230; III. Ha\u00e7l\u0131 Seferini anlatan bu roman tarihe \u0131\u015f\u0131k tutuyor&#8230;<\/p>","protected":false},"featured_media":19288,"template":"","meta":{"spay_email":""},"product_cat":[168],"product_tag":[],"item":[360],"acf":[],"_links":{"self":[{"href":"https:\/\/mgvpublications.com\/de\/wp-json\/wp\/v2\/product\/19289"}],"collection":[{"href":"https:\/\/mgvpublications.com\/de\/wp-json\/wp\/v2\/product"}],"about":[{"href":"https:\/\/mgvpublications.com\/de\/wp-json\/wp\/v2\/types\/product"}],"wp:featuredmedia":[{"embeddable":true,"href":"https:\/\/mgvpublications.com\/de\/wp-json\/wp\/v2\/media\/19288"}],"wp:attachment":[{"href":"https:\/\/mgvpublications.com\/de\/wp-json\/wp\/v2\/media?parent=19289"}],"wp:term":[{"taxonomy":"product_cat","embeddable":true,"href":"https:\/\/mgvpublications.com\/de\/wp-json\/wp\/v2\/product_cat?post=19289"},{"taxonomy":"product_tag","embeddable":true,"href":"https:\/\/mgvpublications.com\/de\/wp-json\/wp\/v2\/product_tag?post=19289"},{"taxonomy":"item","embeddable":true,"href":"https:\/\/mgvpublications.com\/de\/wp-json\/wp\/v2\/item?post=19289"}],"curies":[{"name":"wp","href":"https:\/\/api.w.org\/{rel}","templated":true}]}}