{"id":19287,"date":"2021-05-08T15:24:56","date_gmt":"2021-05-08T13:24:56","guid":{"rendered":"https:\/\/mgvpublications.com\/produkt\/hayal-kurmaya-cesaret-eden-kopek\/"},"modified":"2022-03-08T22:53:35","modified_gmt":"2022-03-08T21:53:35","slug":"hayal-kurmaya-cesaret-eden-kopek","status":"publish","type":"product","link":"https:\/\/mgvpublications.com\/de\/hayal-kurmaya-cesaret-eden-kopek\/","title":{"rendered":"Hayal Kurmaya Cesaret Eden K\u00f6pek"},"content":{"rendered":"<p>Yay\u0131n Tarihi: 04.03.2021<br \/>ISBN: 9786050837001<br \/>Dil: T\u00dcRK\u00c7E<br \/>Sayfa Say\u0131s\u0131: 120<br \/>Cilt Tipi: Karton Kapak<br \/>Ka\u011f\u0131t Cinsi: Kitap Ka\u011f\u0131d\u0131<br \/>Boyut: 13.5 x 20.5 cm<br \/>Di\u011fer \u00d6zellik: 10  Ya\u015f<\/p>","protected":false},"excerpt":{"rendered":"<p>Okuyaca\u011f\u0131n\u0131z bu kitap, Pasakl\u0131 ad\u0131nda bir k\u00f6pe\u011fin hik\u00e2yesidir. Kendine \u00f6zg\u00fc g\u00f6r\u00fcn\u00fc\u015f\u00fc nedeniyle do\u011fdu\u011fu yerde, evinde bile d\u0131\u015flanan Pasakl\u0131 vaktinin \u00e7o\u011funu sahibinin evinin g\u00fcne\u015fli bah\u00e7esinde ge\u00e7irir. Pasakl\u0131\u2019n\u0131n da t\u0131pk\u0131 bizim gibi hayalleri ve \u00f6zlemleri vard\u0131r. Ancak her k\u0131\u015f kara bulutlar \u00e7\u00f6kt\u00fc\u011f\u00fcnde Pasakl\u0131, \u00fcstesinden gelmesi gereken zorluklarla kar\u015f\u0131la\u015f\u0131r. Pasakl\u0131, kara bulutlar\u0131n aras\u0131ndan sahibinin bah\u00e7esinin \u00f6tesinde yatan arkada\u015fl\u0131k, annelik ve mutluluk ihtimallerinin pe\u015fine d\u00fc\u015fer. E\u011fer onlara tutunabilir ve \u00e7aresizce arzulad\u0131klar\u0131n\u0131 in\u015fa edebilirse hak etti\u011fi, hayalini kurdu\u011fu hayata kavu\u015fabilecektir. Hayal Kurmaya Cesaret Eden K\u00f6pek, k\u00f6pek ve insan aras\u0131ndaki ili\u015fkiye ayna tutan ger\u00e7ek\u00e7i bir \u00f6yk\u00fc olmas\u0131n\u0131n yan\u0131 s\u0131ra cesurca ya\u015fanm\u0131\u015f bir hayat\u0131n kutlamas\u0131d\u0131r.<\/p>","protected":false},"featured_media":19286,"template":"","meta":{"spay_email":""},"product_cat":[172],"product_tag":[],"item":[360],"acf":[],"_links":{"self":[{"href":"https:\/\/mgvpublications.com\/de\/wp-json\/wp\/v2\/product\/19287"}],"collection":[{"href":"https:\/\/mgvpublications.com\/de\/wp-json\/wp\/v2\/product"}],"about":[{"href":"https:\/\/mgvpublications.com\/de\/wp-json\/wp\/v2\/types\/product"}],"wp:featuredmedia":[{"embeddable":true,"href":"https:\/\/mgvpublications.com\/de\/wp-json\/wp\/v2\/media\/19286"}],"wp:attachment":[{"href":"https:\/\/mgvpublications.com\/de\/wp-json\/wp\/v2\/media?parent=19287"}],"wp:term":[{"taxonomy":"product_cat","embeddable":true,"href":"https:\/\/mgvpublications.com\/de\/wp-json\/wp\/v2\/product_cat?post=19287"},{"taxonomy":"product_tag","embeddable":true,"href":"https:\/\/mgvpublications.com\/de\/wp-json\/wp\/v2\/product_tag?post=19287"},{"taxonomy":"item","embeddable":true,"href":"https:\/\/mgvpublications.com\/de\/wp-json\/wp\/v2\/item?post=19287"}],"curies":[{"name":"wp","href":"https:\/\/api.w.org\/{rel}","templated":true}]}}