{"id":19285,"date":"2021-05-08T15:24:55","date_gmt":"2021-05-08T13:24:55","guid":{"rendered":"https:\/\/mgvpublications.com\/produkt\/yasak-sehir\/"},"modified":"2022-03-08T22:53:32","modified_gmt":"2022-03-08T21:53:32","slug":"yasak-sehir","status":"publish","type":"product","link":"https:\/\/mgvpublications.com\/de\/yasak-sehir\/","title":{"rendered":"Yasak \u015eehir"},"content":{"rendered":"<p>Yay\u0131n Tarihi: 15.10.2019<br \/>ISBN: 9789757544302<br \/>Dil: T\u00dcRK\u00c7E<br \/>Sayfa Say\u0131s\u0131: 208<br \/>Cilt Tipi: Karton Kapak<br \/>Ka\u011f\u0131t Cinsi: Kitap Ka\u011f\u0131d\u0131<br \/>Boyut: 12.5 x 19.5 cm<\/p>","protected":false},"excerpt":{"rendered":"<p>Kas\u0131m Hanl\u0131\u011f\u0131, onlar i\u00e7in yasak bir \u015fehirdi art\u0131k. Y\u00fczy\u0131llard\u0131r ya\u015fad\u0131klar\u0131, vatan bildikleri, \u00fczerinde do\u011fup b\u00fcy\u00fcd\u00fckleri topraklarda \u00f6zg\u00fcr ya\u015famak m\u00fcmk\u00fcn de\u011fildi. Her bir k\u00f6\u015fesinde hat\u0131ralar\u0131 olan bu \u015fehirden koparak, bilinmeyen bir sona do\u011fru yola \u00e7\u0131kmak zorundayd\u0131lar. Neden gidiyorlard\u0131? Ni\u00e7in onlara bu zul\u00fcm yap\u0131l\u0131yordu? Yanan, y\u0131k\u0131lan evler, k\u00f6yler, \u015fehirler\u2026 Binlerce insan\u0131n d\u00fc\u015fe kalka ilerlemeye \u00e7al\u0131\u015ft\u0131\u011f\u0131 karl\u0131 da\u011f yollar\u0131\u2026 Yeni topraklara, yeni bir vatana do\u011fru zorlu yolculuk&#8230; Yasak \u015eehir, zulme boyun e\u011fmedi\u011fi i\u00e7in yok edilmek istenen, g\u00f6\u00e7e zorlanan y\u00fczlerce insan\u0131n alt\u00fcst olan hayat\u0131n\u0131n, ac\u0131s\u0131n\u0131n, hayatta kalma m\u00fccadelesinin h\u00fcz\u00fcnl\u00fc \u00f6yk\u00fcs\u00fcd\u00fcr.<\/p>","protected":false},"featured_media":19284,"template":"","meta":{"spay_email":""},"product_cat":[168],"product_tag":[],"item":[360],"acf":[],"_links":{"self":[{"href":"https:\/\/mgvpublications.com\/de\/wp-json\/wp\/v2\/product\/19285"}],"collection":[{"href":"https:\/\/mgvpublications.com\/de\/wp-json\/wp\/v2\/product"}],"about":[{"href":"https:\/\/mgvpublications.com\/de\/wp-json\/wp\/v2\/types\/product"}],"wp:featuredmedia":[{"embeddable":true,"href":"https:\/\/mgvpublications.com\/de\/wp-json\/wp\/v2\/media\/19284"}],"wp:attachment":[{"href":"https:\/\/mgvpublications.com\/de\/wp-json\/wp\/v2\/media?parent=19285"}],"wp:term":[{"taxonomy":"product_cat","embeddable":true,"href":"https:\/\/mgvpublications.com\/de\/wp-json\/wp\/v2\/product_cat?post=19285"},{"taxonomy":"product_tag","embeddable":true,"href":"https:\/\/mgvpublications.com\/de\/wp-json\/wp\/v2\/product_tag?post=19285"},{"taxonomy":"item","embeddable":true,"href":"https:\/\/mgvpublications.com\/de\/wp-json\/wp\/v2\/item?post=19285"}],"curies":[{"name":"wp","href":"https:\/\/api.w.org\/{rel}","templated":true}]}}