{"id":19283,"date":"2021-05-08T15:24:55","date_gmt":"2021-05-08T13:24:55","guid":{"rendered":"https:\/\/mgvpublications.com\/produkt\/ulak-akinci-firtinasi\/"},"modified":"2022-03-08T22:53:32","modified_gmt":"2022-03-08T21:53:32","slug":"ulak-akinci-firtinasi","status":"publish","type":"product","link":"https:\/\/mgvpublications.com\/de\/ulak-akinci-firtinasi\/","title":{"rendered":"Ulak Ak\u0131nc\u0131 F\u0131rt\u0131nas\u0131"},"content":{"rendered":"<p>Yay\u0131n Tarihi: 07.02.2019<br \/>ISBN: 9786050829969<br \/>Dil: T\u00dcRK\u00c7E<br \/>Sayfa Say\u0131s\u0131: 200<br \/>Cilt Tipi: Karton Kapak<br \/>Ka\u011f\u0131t Cinsi: Kitap Ka\u011f\u0131d\u0131<br \/>Boyut: 13.5 x 20.5 cm<\/p>","protected":false},"excerpt":{"rendered":"<p>Ulak Nuri ve Hilalilere yeni kat\u0131lan Johan, ba\u015far\u0131s\u0131z ge\u00e7en Viyana Ku\u015fatmas\u0131 sonras\u0131nda Vehimi Orhun \u00c7elebi\u2019nin emriyle d\u00fc\u015fman\u0131n aras\u0131na casus olarak kar\u0131\u015fmakla g\u00f6revlendirilir. K\u0131\u015f t\u00fcm a\u011f\u0131rl\u0131\u011f\u0131yla yakla\u015f\u0131rken Tuna\u2019n\u0131n tehlikeli sular\u0131nda ve Avrupa\u2019n\u0131n ac\u0131mas\u0131z topraklar\u0131nda \u00e7\u0131kt\u0131klar\u0131 bu yolculuk onlar\u0131 dondurucu so\u011fuk, cad\u0131 avlar\u0131 ve Vatikan\u2019\u0131n Kanonikleriyle kar\u015f\u0131 kar\u015f\u0131ya getirir. Ulak Nuri, kar\u015f\u0131na \u00e7\u0131kan zorluklar\u0131 alt edip kendisine verilen g\u00f6revi yerine getirebilecek mi?<\/p>","protected":false},"featured_media":19282,"template":"","meta":{"spay_email":""},"product_cat":[168],"product_tag":[],"item":[360],"acf":[],"_links":{"self":[{"href":"https:\/\/mgvpublications.com\/de\/wp-json\/wp\/v2\/product\/19283"}],"collection":[{"href":"https:\/\/mgvpublications.com\/de\/wp-json\/wp\/v2\/product"}],"about":[{"href":"https:\/\/mgvpublications.com\/de\/wp-json\/wp\/v2\/types\/product"}],"wp:featuredmedia":[{"embeddable":true,"href":"https:\/\/mgvpublications.com\/de\/wp-json\/wp\/v2\/media\/19282"}],"wp:attachment":[{"href":"https:\/\/mgvpublications.com\/de\/wp-json\/wp\/v2\/media?parent=19283"}],"wp:term":[{"taxonomy":"product_cat","embeddable":true,"href":"https:\/\/mgvpublications.com\/de\/wp-json\/wp\/v2\/product_cat?post=19283"},{"taxonomy":"product_tag","embeddable":true,"href":"https:\/\/mgvpublications.com\/de\/wp-json\/wp\/v2\/product_tag?post=19283"},{"taxonomy":"item","embeddable":true,"href":"https:\/\/mgvpublications.com\/de\/wp-json\/wp\/v2\/item?post=19283"}],"curies":[{"name":"wp","href":"https:\/\/api.w.org\/{rel}","templated":true}]}}