{"id":19277,"date":"2021-05-08T15:24:54","date_gmt":"2021-05-08T13:24:54","guid":{"rendered":"https:\/\/mgvpublications.com\/produkt\/efsane-komutan-tarik-bin-ziyad\/"},"modified":"2022-03-08T22:53:32","modified_gmt":"2022-03-08T21:53:32","slug":"efsane-komutan-tarik-bin-ziyad","status":"publish","type":"product","link":"https:\/\/mgvpublications.com\/de\/efsane-komutan-tarik-bin-ziyad\/","title":{"rendered":"Efsane Komutan Tar\u0131k Bin Ziyad"},"content":{"rendered":"<p>Kapak: Ravza K\u0131z\u0131ltu\u011f<br \/>Yay\u0131n Tarihi: 15.10.2019<br \/>ISBN: 9789757544494<br \/>Dil: T\u00dcRK\u00c7E<br \/>Sayfa Say\u0131s\u0131: 208<br \/>Cilt Tipi: Karton Kapak<br \/>Ka\u011f\u0131t Cinsi: Kitap Ka\u011f\u0131d\u0131<br \/>Boyut: 12.54 x 19.5 cm<\/p>","protected":false},"excerpt":{"rendered":"<p>Tar\u0131k Bin Ziyad O, hedefe ula\u015fmadan asla geri d\u00f6nmeyi d\u00fc\u015f\u00fcnmeyen bir komutan O, tek yolun zafer oldu\u011funa inanan bir komutan O, gemileri yakan bir komutan O, Tar\u0131k bin Ziyad \u00c7arp\u0131\u015fma yakla\u015f\u0131yor ve gerilim s\u00fcr\u00fcyordu. D\u00fc\u015fman say\u0131 ve silah bak\u0131m\u0131ndan \u00e7ok \u00fcst\u00fcn durumdayd\u0131. Ama o, mutlaka zafere ula\u015fmal\u0131yd\u0131. \u0130\u015fte tam bu noktada Tar\u0131k bin Ziyad, \u00f6yle bir karar verdi ki b\u00fct\u00fcn orduyu hedefe kilitledi. Efsane Komutan, nefes nefese okuyaca\u011f\u0131n\u0131z ger\u00e7ek olaylarla \u00f6r\u00fclm\u00fc\u015f bir roman. Ayr\u0131ca kitab\u0131n sonunda romanla ilgili sorular\u0131n bulundu\u011fu bir bulmaca bulabileceksiniz.<\/p>","protected":false},"featured_media":19276,"template":"","meta":{"spay_email":""},"product_cat":[168],"product_tag":[],"item":[360],"acf":[],"_links":{"self":[{"href":"https:\/\/mgvpublications.com\/de\/wp-json\/wp\/v2\/product\/19277"}],"collection":[{"href":"https:\/\/mgvpublications.com\/de\/wp-json\/wp\/v2\/product"}],"about":[{"href":"https:\/\/mgvpublications.com\/de\/wp-json\/wp\/v2\/types\/product"}],"wp:featuredmedia":[{"embeddable":true,"href":"https:\/\/mgvpublications.com\/de\/wp-json\/wp\/v2\/media\/19276"}],"wp:attachment":[{"href":"https:\/\/mgvpublications.com\/de\/wp-json\/wp\/v2\/media?parent=19277"}],"wp:term":[{"taxonomy":"product_cat","embeddable":true,"href":"https:\/\/mgvpublications.com\/de\/wp-json\/wp\/v2\/product_cat?post=19277"},{"taxonomy":"product_tag","embeddable":true,"href":"https:\/\/mgvpublications.com\/de\/wp-json\/wp\/v2\/product_tag?post=19277"},{"taxonomy":"item","embeddable":true,"href":"https:\/\/mgvpublications.com\/de\/wp-json\/wp\/v2\/item?post=19277"}],"curies":[{"name":"wp","href":"https:\/\/api.w.org\/{rel}","templated":true}]}}