{"id":19275,"date":"2021-05-08T15:24:53","date_gmt":"2021-05-08T13:24:53","guid":{"rendered":"https:\/\/mgvpublications.com\/produkt\/pera-palasta-golge-oyunu\/"},"modified":"2022-03-08T22:53:32","modified_gmt":"2022-03-08T21:53:32","slug":"pera-palasta-golge-oyunu","status":"publish","type":"product","link":"https:\/\/mgvpublications.com\/de\/pera-palasta-golge-oyunu\/","title":{"rendered":"Pera Palasta G\u00f6lge Oyunu"},"content":{"rendered":"<p>Yay\u0131n Tarihi: 04.11.2019<br \/>ISBN: 9786050831788<br \/>Dil: T\u00dcRK\u00c7E<br \/>Sayfa Say\u0131s\u0131: 176<br \/>Cilt Tipi: Karton Kapak<br \/>Ka\u011f\u0131t Cinsi: Kitap Ka\u011f\u0131d\u0131<br \/>Boyut: 13.5 x 20.5 cm<br \/>Di\u011fer \u00d6zellik: 10  Ya\u015f<\/p>","protected":false},"excerpt":{"rendered":"<p>Tarihin gizemli ger\u00e7ekleriyle \u015fifreli ipu\u00e7lar\u0131n\u0131 bir araya getiren macera y\u00fckl\u00fc bir \u0130stanbul polisiyesi! \u015eifre Bilimci Milas Ulukan, uluslararas\u0131 bir polisiye edebiyat\u0131 organizasyonu i\u00e7in Beyo\u011flu\u2019nun incisi Pera Palas Oteli\u2019ne davet edilmi\u015ftir. Etkinlik i\u00e7eri\u011fine uygun bir g\u00fczellikte devam ederken beklenmedik bir olay ger\u00e7ekle\u015fir. Otelin &#8220;Demir Leydi&#8221;si olarak adland\u0131r\u0131lan asans\u00f6r\u00fcn\u00fcn i\u00e7inde bir cinayet i\u015flenmi\u015ftir. Bu gizemli cinayetin perde arkas\u0131 ise tarihin tozlu raflar\u0131nda sakl\u0131d\u0131r. \u015eifreli bir kalem, \u00fczerinde &#8220;Agatha Christie&#8221; yazmas\u0131 gereken ancak &#8220;II. Abd\u00fclhamid Han&#8221; yaz\u0131l\u0131 esrarengiz bir anahtar ve y\u00fcz y\u0131ll\u0131k emaneti ta\u015f\u0131yan tarihi bir sand\u0131k&#8230;<\/p>","protected":false},"featured_media":19274,"template":"","meta":{"spay_email":""},"product_cat":[168],"product_tag":[],"item":[360],"acf":[],"_links":{"self":[{"href":"https:\/\/mgvpublications.com\/de\/wp-json\/wp\/v2\/product\/19275"}],"collection":[{"href":"https:\/\/mgvpublications.com\/de\/wp-json\/wp\/v2\/product"}],"about":[{"href":"https:\/\/mgvpublications.com\/de\/wp-json\/wp\/v2\/types\/product"}],"wp:featuredmedia":[{"embeddable":true,"href":"https:\/\/mgvpublications.com\/de\/wp-json\/wp\/v2\/media\/19274"}],"wp:attachment":[{"href":"https:\/\/mgvpublications.com\/de\/wp-json\/wp\/v2\/media?parent=19275"}],"wp:term":[{"taxonomy":"product_cat","embeddable":true,"href":"https:\/\/mgvpublications.com\/de\/wp-json\/wp\/v2\/product_cat?post=19275"},{"taxonomy":"product_tag","embeddable":true,"href":"https:\/\/mgvpublications.com\/de\/wp-json\/wp\/v2\/product_tag?post=19275"},{"taxonomy":"item","embeddable":true,"href":"https:\/\/mgvpublications.com\/de\/wp-json\/wp\/v2\/item?post=19275"}],"curies":[{"name":"wp","href":"https:\/\/api.w.org\/{rel}","templated":true}]}}