{"id":19273,"date":"2021-05-08T15:24:53","date_gmt":"2021-05-08T13:24:53","guid":{"rendered":"https:\/\/mgvpublications.com\/produkt\/enduluste-bir-hafta\/"},"modified":"2022-03-08T22:53:32","modified_gmt":"2022-03-08T21:53:32","slug":"enduluste-bir-hafta","status":"publish","type":"product","link":"https:\/\/mgvpublications.com\/de\/enduluste-bir-hafta\/","title":{"rendered":"End\u00fcl\u00fcs&#8217;te Bir Hafta"},"content":{"rendered":"<p>Yay\u0131n Tarihi: 06.05.2019<br \/>ISBN: 9786050829945<br \/>Dil: T\u00dcRK\u00c7E<br \/>Sayfa Say\u0131s\u0131: 272<br \/>Cilt Tipi: Karton Kapak<br \/>Ka\u011f\u0131t Cinsi: Kitap Ka\u011f\u0131d\u0131<br \/>Boyut: 13.5 x 20.5 cm<\/p>","protected":false},"excerpt":{"rendered":"<p>Manolya, Tarih b\u00f6l\u00fcm\u00fc son s\u0131n\u0131f \u00f6\u011frencisidir. Hayat\u0131n\u0131 eski yazmalara adam\u0131\u015f hocas\u0131yla End\u00fcl\u00fcs alan\u0131nda \u00e7al\u0131\u015f\u0131yordur. Yaz tatilinde beklenmedik \u015fekilde kendini Granada\u2019n\u0131n incisi Elhamra Saray\u0131\u2019nda bulur ve sarayda \u00e7al\u0131\u015fan Mateo ile tan\u0131\u015f\u0131r. Saray\u0131 gezerken kaybolduklar\u0131 t\u00fcneller \u00f6nce so\u011fu\u011fuyla sonra g\u00f6rkemli teknolojisiyle onlar\u0131 \u015fa\u015f\u0131rt\u0131r! Elhamra Saray\u0131\u2019n\u0131 in\u015fa ettiren Sultan Muhammed\u2019in, ba\u015fkent Kordoba d\u00e2hil b\u00fct\u00fcn End\u00fcl\u00fcs \u015fehirlerini Elhamra\u2019ya dokunulmamas\u0131 kar\u015f\u0131l\u0131\u011f\u0131nda teslim etmesinin ard\u0131ndaki s\u0131r, onlar\u0131 on d\u00f6rd\u00fcnc\u00fc y\u00fczy\u0131l End\u00fcl\u00fcs\u00fc\u2019ne g\u00f6t\u00fcrerek hi\u00e7 beklenmedik bir yolculuk ya\u015fat\u0131r.<\/p>","protected":false},"featured_media":19272,"template":"","meta":{"spay_email":""},"product_cat":[172],"product_tag":[],"item":[360],"acf":[],"_links":{"self":[{"href":"https:\/\/mgvpublications.com\/de\/wp-json\/wp\/v2\/product\/19273"}],"collection":[{"href":"https:\/\/mgvpublications.com\/de\/wp-json\/wp\/v2\/product"}],"about":[{"href":"https:\/\/mgvpublications.com\/de\/wp-json\/wp\/v2\/types\/product"}],"wp:featuredmedia":[{"embeddable":true,"href":"https:\/\/mgvpublications.com\/de\/wp-json\/wp\/v2\/media\/19272"}],"wp:attachment":[{"href":"https:\/\/mgvpublications.com\/de\/wp-json\/wp\/v2\/media?parent=19273"}],"wp:term":[{"taxonomy":"product_cat","embeddable":true,"href":"https:\/\/mgvpublications.com\/de\/wp-json\/wp\/v2\/product_cat?post=19273"},{"taxonomy":"product_tag","embeddable":true,"href":"https:\/\/mgvpublications.com\/de\/wp-json\/wp\/v2\/product_tag?post=19273"},{"taxonomy":"item","embeddable":true,"href":"https:\/\/mgvpublications.com\/de\/wp-json\/wp\/v2\/item?post=19273"}],"curies":[{"name":"wp","href":"https:\/\/api.w.org\/{rel}","templated":true}]}}